{"id":3941,"date":"2021-01-12T03:28:54","date_gmt":"2021-01-12T01:28:54","guid":{"rendered":"https:\/\/kamelco-tr.com\/?page_id=3941"},"modified":"2023-03-14T14:25:49","modified_gmt":"2023-03-14T12:25:49","slug":"about","status":"publish","type":"page","link":"https:\/\/kamelco-tr.com\/tr\/about\/","title":{"rendered":"Biz kimiz"},"content":{"rendered":"<div data-elementor-type=\"wp-page\" data-elementor-id=\"3941\" class=\"elementor elementor-3941\">\n\t\t\t\t\t\t<section class=\"elementor-section elementor-top-section elementor-element elementor-element-6449417 elementor-section-height-min-height elementor-section-boxed elementor-section-height-default elementor-section-items-middle rt-parallax-bg-no\" data-id=\"6449417\" data-element_type=\"section\" data-settings=\"{&quot;background_background&quot;:&quot;classic&quot;}\">\n\t\t\t\t\t\t\t<div class=\"elementor-background-overlay\"><\/div>\n\t\t\t\t\t\t\t<div class=\"elementor-container elementor-column-gap-default\">\n\t\t\t\t\t<div class=\"elementor-column elementor-col-100 elementor-top-column elementor-element elementor-element-adf76f0\" data-id=\"adf76f0\" data-element_type=\"column\">\n\t\t\t<div class=\"elementor-widget-wrap elementor-element-populated\">\n\t\t\t\t\t\t<div class=\"elementor-element elementor-element-21ef78d elementor-widget elementor-widget-heading\" data-id=\"21ef78d\" data-element_type=\"widget\" data-widget_type=\"heading.default\">\n\t\t\t\t<div class=\"elementor-widget-container\">\n\t\t\t\t\t<h1 class=\"elementor-heading-title elementor-size-default\">Biz kimiz<\/h1>\t\t\t\t<\/div>\n\t\t\t\t<\/div>\n\t\t\t\t\t<\/div>\n\t\t<\/div>\n\t\t\t\t\t<\/div>\n\t\t<\/section>\n\t\t\t\t<section class=\"elementor-section elementor-top-section elementor-element elementor-element-bd269f3 elementor-section-boxed elementor-section-height-default elementor-section-height-default rt-parallax-bg-no\" data-id=\"bd269f3\" data-element_type=\"section\">\n\t\t\t\t\t\t\t<div class=\"elementor-background-overlay\"><\/div>\n\t\t\t\t\t\t\t<div class=\"elementor-container elementor-column-gap-default\">\n\t\t\t\t\t<div class=\"elementor-column elementor-col-50 elementor-top-column elementor-element elementor-element-9e8eb04\" data-id=\"9e8eb04\" data-element_type=\"column\">\n\t\t\t<div class=\"elementor-widget-wrap elementor-element-populated\">\n\t\t\t\t\t\t<div class=\"elementor-element elementor-element-f5d8b38 elementor-invisible elementor-widget elementor-widget-rt-title\" data-id=\"f5d8b38\" data-element_type=\"widget\" data-settings=\"{&quot;_animation&quot;:&quot;fadeInUp&quot;}\" data-widget_type=\"rt-title.default\">\n\t\t\t\t<div class=\"elementor-widget-container\">\n\t\t\t\t\t<div class=\"section-title-wrapper\">\r\n\r\n    <!--Background Title-->\r\n    \r\n    <div class=\"title-inner-wrapper\">\r\n\r\n        <!--Top Sub Title-->\r\n                    <div class=\"top-sub-title-wrap\">\r\n                <span class=\"top-sub-title\">\r\n                    Hakk\u0131m\u0131zda                 <\/span>\r\n            <\/div>\r\n        \r\n        <!--Main Title-->\r\n                    <h2 class=\"main-title\">Kamelco in\u015faat ve pazarlama \u015firketi\nEmlak <\/h2>\r\n        \r\n        <!--Description-->\r\n                    <div class=\"description\"><p>\u015eirket, herkesle g\u00fcven ve d\u00fcr\u00fcstl\u00fckle ba\u015fa \u00e7\u0131kmak i\u00e7in rakip \u015firketler aras\u0131ndaki avantaj ve ayr\u0131m\u0131 kazanm\u0131\u015f ve kurulu\u015fundan bu yana in\u015faat ve gayrimenkul pazarlama i\u015finde uzmanla\u015fm\u0131\u015ft\u0131r<br \/><br \/><\/p><\/div>\r\n            <\/div>\r\n<\/div>\t\t\t\t<\/div>\n\t\t\t\t<\/div>\n\t\t\t\t<section class=\"elementor-section elementor-inner-section elementor-element elementor-element-5059282 elementor-section-boxed elementor-section-height-default elementor-section-height-default rt-parallax-bg-no elementor-invisible\" data-id=\"5059282\" data-element_type=\"section\" data-settings=\"{&quot;animation&quot;:&quot;fadeInUp&quot;,&quot;animation_delay&quot;:300}\">\n\t\t\t\t\t\t<div class=\"elementor-container elementor-column-gap-default\">\n\t\t\t\t\t<div class=\"elementor-column elementor-col-100 elementor-inner-column elementor-element elementor-element-07bffb4\" data-id=\"07bffb4\" data-element_type=\"column\">\n\t\t\t<div class=\"elementor-widget-wrap elementor-element-populated\">\n\t\t\t\t\t\t<div class=\"elementor-element elementor-element-4d3e382 elementor-widget elementor-widget-rt-info-box\" data-id=\"4d3e382\" data-element_type=\"widget\" data-widget_type=\"rt-info-box.default\">\n\t\t\t\t<div class=\"elementor-widget-container\">\n\t\t\t\t\t\r\n<div class=\"service3-box-right rt-info-box-wrap-1 rt-info-box icon-el-style-1\">\r\n\t<div class=\"service-box\">\r\n\t\t<div class=\"service3-icon-holder icon-holder\">\r\n\t\t\t\t<div class='img-wrap'><div class='hover-bg'><\/div><\/div>\t\t<\/div>\r\n\r\n\t\t<div class=\"service3-content-holder content-holder content-align\">\r\n\t\t\t\t\t\t\t<h3 class=\"info-title\">\r\n\t\t\t\t\tHedeflerimiz\t\t\t\t<\/h3>\r\n\t\t\t\r\n\t\t\t\t\t\t\t<p>Kamelco firmas\u0131, m\u00fc\u015fterinin ihtiya\u00e7lar\u0131n\u0131 kar\u015f\u0131lamak i\u00e7in \u00f6ncelikle m\u00fc\u015fteri memnuniyetini, i\u015f kalitesini ve t\u00fcm d\u00fcr\u00fcstl\u00fck ve d\u00fcr\u00fcstl\u00fckle ba\u015fa \u00e7\u0131kmada \u015feffafl\u0131\u011f\u0131 sa\u011flayan bir \u015firket kurma hedefine ula\u015fmay\u0131 hedeflemekte ve organize bir plan izlemekteyiz <\/p>\r\n\t\t\t\r\n\t\t\t\t\t<\/div>\r\n    <\/div>\r\n<\/div>\t\t\t\t<\/div>\n\t\t\t\t<\/div>\n\t\t\t\t\t<\/div>\n\t\t<\/div>\n\t\t\t\t\t<\/div>\n\t\t<\/section>\n\t\t\t\t\t<\/div>\n\t\t<\/div>\n\t\t\t\t<div class=\"elementor-column elementor-col-50 elementor-top-column elementor-element elementor-element-7a65f34\" data-id=\"7a65f34\" data-element_type=\"column\">\n\t\t\t<div class=\"elementor-widget-wrap elementor-element-populated\">\n\t\t\t\t\t\t<div class=\"elementor-element elementor-element-cff0832 elementor-invisible elementor-widget elementor-widget-image\" data-id=\"cff0832\" data-element_type=\"widget\" data-settings=\"{&quot;_animation&quot;:&quot;fadeInLeft&quot;}\" data-widget_type=\"image.default\">\n\t\t\t\t<div class=\"elementor-widget-container\">\n\t\t\t\t\t\t\t\t\t\t\t\t\t\t\t<img fetchpriority=\"high\" decoding=\"async\" width=\"1404\" height=\"933\" src=\"https:\/\/kamelco-tr.com\/wp-content\/uploads\/2023\/03\/Screenshot-2023-03-14-151958.png\" class=\"attachment-full size-full wp-image-18560\" alt=\"\" title=\"\" \/>\t\t\t\t\t\t\t\t\t\t\t\t\t\t\t<\/div>\n\t\t\t\t<\/div>\n\t\t\t\t\t<\/div>\n\t\t<\/div>\n\t\t\t\t\t<\/div>\n\t\t<\/section>\n\t\t\t\t<section data-speed=\"0.5\" data-bg-image=\"https:\/\/kamelco-tr.com\/wp-content\/uploads\/2021\/08\/promo-bg-1.jpg\" class=\"elementor-section elementor-top-section elementor-element elementor-element-f166454 elementor-section-height-min-height rt-parallax-bg-yes elementor-section-boxed elementor-section-height-default elementor-section-items-middle rt-parallax-transition-off\" data-id=\"f166454\" data-element_type=\"section\" data-settings=\"{&quot;background_background&quot;:&quot;classic&quot;}\">\n\t\t\t\t\t\t\t<div class=\"elementor-background-overlay\"><\/div>\n\t\t\t\t\t\t\t<div class=\"elementor-container elementor-column-gap-default\">\n\t\t\t\t\t<div class=\"elementor-column elementor-col-66 elementor-top-column elementor-element elementor-element-ffb0d6b\" data-id=\"ffb0d6b\" data-element_type=\"column\">\n\t\t\t<div class=\"elementor-widget-wrap elementor-element-populated\">\n\t\t\t\t\t\t<div class=\"elementor-element elementor-element-35cd354 elementor-invisible elementor-widget elementor-widget-rt-title\" data-id=\"35cd354\" data-element_type=\"widget\" data-settings=\"{&quot;_animation&quot;:&quot;slideInUp&quot;,&quot;_animation_delay&quot;:200}\" data-widget_type=\"rt-title.default\">\n\t\t\t\t<div class=\"elementor-widget-container\">\n\t\t\t\t\t<div class=\"section-title-wrapper\">\r\n\r\n    <!--Background Title-->\r\n    \t    <div class=\"bg-title-wrap\">\r\n            <span class=\"background-title outline\">\r\n                Size hizmet etmek i\u00e7in buraday\u0131z             <\/span>\r\n        <\/div>\r\n    \r\n    <div class=\"title-inner-wrapper\">\r\n\r\n        <!--Top Sub Title-->\r\n        \r\n        <!--Main Title-->\r\n        \r\n        <!--Description-->\r\n            <\/div>\r\n<\/div>\t\t\t\t<\/div>\n\t\t\t\t<\/div>\n\t\t\t\t\t<\/div>\n\t\t<\/div>\n\t\t\t\t<div class=\"elementor-column elementor-col-33 elementor-top-column elementor-element elementor-element-15bdfd7 elementor-invisible\" data-id=\"15bdfd7\" data-element_type=\"column\" data-settings=\"{&quot;background_background&quot;:&quot;classic&quot;,&quot;animation&quot;:&quot;slideInUp&quot;,&quot;animation_delay&quot;:100}\">\n\t\t\t<div class=\"elementor-widget-wrap elementor-element-populated\">\n\t\t\t\t\t\t<div class=\"elementor-element elementor-element-cffc885 elementor-widget elementor-widget-rt-title\" data-id=\"cffc885\" data-element_type=\"widget\" data-widget_type=\"rt-title.default\">\n\t\t\t\t<div class=\"elementor-widget-container\">\n\t\t\t\t\t<div class=\"section-title-wrapper\">\r\n\r\n    <!--Background Title-->\r\n    \r\n    <div class=\"title-inner-wrapper\">\r\n\r\n        <!--Top Sub Title-->\r\n                    <div class=\"top-sub-title-wrap\">\r\n                <span class=\"top-sub-title\">\r\n                    <i style=\"margin-right:5px\" class=\"fa fa-circle\" aria-hidden=\"true\"><\/i>Bir tur atal\u0131m                <\/span>\r\n            <\/div>\r\n        \r\n        <!--Main Title-->\r\n                    <h2 class=\"main-title\">\u00d6zel bir m\u00fclk bulun \u060c <br \/>\nDaha h\u0131zl\u0131 ve her yerde<\/h2>\r\n        \r\n        <!--Description-->\r\n            <\/div>\r\n<\/div>\t\t\t\t<\/div>\n\t\t\t\t<\/div>\n\t\t\t\t<div class=\"elementor-element elementor-element-68e3f76 elementor-widget elementor-widget-rt-video-icon\" data-id=\"68e3f76\" data-element_type=\"widget\" data-widget_type=\"rt-video-icon.default\">\n\t\t\t\t<div class=\"elementor-widget-container\">\n\t\t\t\t\t<div class=\"rt-video-icon-wrapper icon-style2\" style=\"\">\r\n    <div class=\"video-icon-inner\">\r\n        <div class=\"icon-left\">\r\n            <div class=\"icon-box\">\r\n                <a class=\"popup-youtube video-popup-icon\" href=\"\">\r\n                    <span class=\"triangle\"><\/span>\r\n                    <span class=\"rt-ripple-effect\" style=\"\"><\/span>\r\n                <\/a>\r\n            <\/div>\r\n        <\/div>\r\n\t\t            <div class=\"icon-right\">\r\n                <a class=\"popup-youtube button-text\" href=\"\">\r\n                    Video oynatma                <\/a>\r\n            <\/div>\r\n\t\t    <\/div>\r\n<\/div>\r\n\r\n\t\t\t\t<\/div>\n\t\t\t\t<\/div>\n\t\t\t\t\t<\/div>\n\t\t<\/div>\n\t\t\t\t\t<\/div>\n\t\t<\/section>\n\t\t\t\t<\/div>","protected":false},"excerpt":{"rendered":"<p>\u0646\u0628\u0630\u0629 \u0639\u0646\u0627 \u0634\u0631\u0643\u0629 \u0643\u0627\u0645\u0644\u0643\u0648 \u0644\u0644\u0625\u0646\u0640\u0634\u0640\u0640\u0640\u0640\u0627\u0621\u0627\u062a \u0648 \u0627\u0644\u062a\u0633\u0640\u0640\u0648\u064a\u0642 \u0627\u0644\u0639\u0642\u0640\u0640\u0640\u0640\u0640\u0627\u0631\u064a \u0627\u0643\u0633\u0640\u0640\u0640\u0628\u0640\u062a \u0627\u0644\u0634\u0640\u0640\u0640\u0640\u0640\u0640\u0631\u0643\u0640\u0640\u0640\u0640\u0640\u0629 \u0627\u0644\u0623\u0641\u0636\u0644\u064a\u0640\u0640\u0640\u0629 \u0648\u0627\u0644\u062a\u0645\u064a\u0640\u0640\u0632 \u0628\u064a\u0646 \u0627\u0644\u0634\u0640\u0640\u0640\u0640\u0640\u0640\u0640\u0631\u0643\u0627\u062a \u0627\u0644\u0645\u0646\u0627\u0641\u0633\u0640\u0640\u0640\u0640\u0647 \u0644\u0644\u062a\u0639\u0627\u0645\u0640\u0640\u0644 \u0645\u0639 \u0627\u0644\u0643\u0640\u0644 \u0628\u062b\u0642\u0640\u0629 \u0648\u0627\u0644\u0646\u0632\u0627\u0647\u0647 \u0648\u0642\u062f \u062a\u062e\u0635\u0635\u062a \u0627\u0644\u0634\u0631\u0643\u0629 \u0645\u0646\u0630 \u0627\u0646\u0637\u0644\u0627\u0642\u0647\u0640\u0640\u0640\u0640\u0627 \u0641\u0649 \u0623\u0639\u0645\u0640\u0640\u0640\u0640\u0627\u0644 \u0627\u0644\u0627\u0646\u0634\u0627\u0621\u0627\u062a \u0648\u0627\u0644\u062a\u0633\u0648\u064a\u0642 \u0627\u0644\u0639\u0642\u0627\u0631\u064a \u0627\u0647\u062f\u0627\u0641\u0646\u0627 \u0634\u0631\u0643\u0629 \u0643\u0627\u0645\u0644\u0643\u0648 \u062a\u0633\u0639\u0649 \u0644\u062a\u062d\u0642\u064a\u0642 \u0647\u062f\u0641 \u064a\u062a\u0645\u062b\u0644 \u0641\u0649 \u0628\u0646\u0627\u0621 \u0634\u0631\u0643\u0629 \u062a\u062d\u0642\u0642 \u0631\u0636\u0627 \u0627\u0644\u0639\u0645\u064a\u0644 \u0623\u0648\u064b\u0644\u0627 \u0648\u062c\u0648\u062f\u0629 \u0627\u0644\u0639\u0645\u0644 \u0648 \u0627\u0644\u0634\u0641\u0627\u0641\u064a\u0647 \u0641\u064a \u0627\u0644\u062a\u0639\u0627\u0645\u0644 \u0628\u0643\u0644 \u0635\u062f\u0642 \u0648 \u0623\u0645\u0627\u0646\u0647 \u0644\u062a\u0644\u0628\u064a<\/p>","protected":false},"author":14,"featured_media":0,"parent":0,"menu_order":0,"comment_status":"closed","ping_status":"closed","template":"templates\/blank.php","meta":{"_rtcl_gb_attr":"","footnotes":""},"class_list":["post-3941","page","type-page","status-publish","hentry"],"yoast_head":"<!-- This site is optimized with the Yoast SEO plugin v26.9 - https:\/\/yoast.com\/product\/yoast-seo-wordpress\/ -->\n<title>\u0645\u0646 \u0646\u062d\u0646 - KamelCo<\/title>\n<meta name=\"robots\" content=\"index, follow, max-snippet:-1, max-image-preview:large, max-video-preview:-1\" \/>\n<link rel=\"canonical\" href=\"https:\/\/kamelco-tr.com\/tr\/about\/\" \/>\n<meta property=\"og:locale\" content=\"tr_TR\" \/>\n<meta property=\"og:type\" content=\"article\" \/>\n<meta property=\"og:title\" content=\"\u0645\u0646 \u0646\u062d\u0646 - KamelCo\" \/>\n<meta property=\"og:description\" content=\"\u0646\u0628\u0630\u0629 \u0639\u0646\u0627 \u0634\u0631\u0643\u0629 \u0643\u0627\u0645\u0644\u0643\u0648 \u0644\u0644\u0625\u0646\u0640\u0634\u0640\u0640\u0640\u0640\u0627\u0621\u0627\u062a \u0648 \u0627\u0644\u062a\u0633\u0640\u0640\u0648\u064a\u0642 \u0627\u0644\u0639\u0642\u0640\u0640\u0640\u0640\u0640\u0627\u0631\u064a \u0627\u0643\u0633\u0640\u0640\u0640\u0628\u0640\u062a \u0627\u0644\u0634\u0640\u0640\u0640\u0640\u0640\u0640\u0631\u0643\u0640\u0640\u0640\u0640\u0640\u0629 \u0627\u0644\u0623\u0641\u0636\u0644\u064a\u0640\u0640\u0640\u0629 \u0648\u0627\u0644\u062a\u0645\u064a\u0640\u0640\u0632 \u0628\u064a\u0646 \u0627\u0644\u0634\u0640\u0640\u0640\u0640\u0640\u0640\u0640\u0631\u0643\u0627\u062a \u0627\u0644\u0645\u0646\u0627\u0641\u0633\u0640\u0640\u0640\u0640\u0647 \u0644\u0644\u062a\u0639\u0627\u0645\u0640\u0640\u0644 \u0645\u0639 \u0627\u0644\u0643\u0640\u0644 \u0628\u062b\u0642\u0640\u0629 \u0648\u0627\u0644\u0646\u0632\u0627\u0647\u0647 \u0648\u0642\u062f \u062a\u062e\u0635\u0635\u062a \u0627\u0644\u0634\u0631\u0643\u0629 \u0645\u0646\u0630 \u0627\u0646\u0637\u0644\u0627\u0642\u0647\u0640\u0640\u0640\u0640\u0627 \u0641\u0649 \u0623\u0639\u0645\u0640\u0640\u0640\u0640\u0627\u0644 \u0627\u0644\u0627\u0646\u0634\u0627\u0621\u0627\u062a \u0648\u0627\u0644\u062a\u0633\u0648\u064a\u0642 \u0627\u0644\u0639\u0642\u0627\u0631\u064a \u0627\u0647\u062f\u0627\u0641\u0646\u0627 \u0634\u0631\u0643\u0629 \u0643\u0627\u0645\u0644\u0643\u0648 \u062a\u0633\u0639\u0649 \u0644\u062a\u062d\u0642\u064a\u0642 \u0647\u062f\u0641 \u064a\u062a\u0645\u062b\u0644 \u0641\u0649 \u0628\u0646\u0627\u0621 \u0634\u0631\u0643\u0629 \u062a\u062d\u0642\u0642 \u0631\u0636\u0627 \u0627\u0644\u0639\u0645\u064a\u0644 \u0623\u0648\u064b\u0644\u0627 \u0648\u062c\u0648\u062f\u0629 \u0627\u0644\u0639\u0645\u0644 \u0648 \u0627\u0644\u0634\u0641\u0627\u0641\u064a\u0647 \u0641\u064a \u0627\u0644\u062a\u0639\u0627\u0645\u0644 \u0628\u0643\u0644 \u0635\u062f\u0642 \u0648 \u0623\u0645\u0627\u0646\u0647 \u0644\u062a\u0644\u0628\u064a\" \/>\n<meta property=\"og:url\" content=\"https:\/\/kamelco-tr.com\/tr\/about\/\" \/>\n<meta property=\"og:site_name\" content=\"KamelCo\" \/>\n<meta property=\"article:modified_time\" content=\"2023-03-14T12:25:49+00:00\" \/>\n<meta property=\"og:image\" content=\"https:\/\/kamelco-tr.com\/wp-content\/uploads\/2023\/03\/Screenshot-2023-03-14-151958.png\" \/>\n<meta name=\"twitter:card\" content=\"summary_large_image\" \/>\n<meta name=\"twitter:label1\" content=\"Tahmini okuma s\u00fcresi\" \/>\n\t<meta name=\"twitter:data1\" content=\"1 dakika\" \/>\n<script type=\"application\/ld+json\" class=\"yoast-schema-graph\">{\"@context\":\"https:\/\/schema.org\",\"@graph\":[{\"@type\":\"WebPage\",\"@id\":\"https:\/\/kamelco-tr.com\/about\/\",\"url\":\"https:\/\/kamelco-tr.com\/about\/\",\"name\":\"\u0645\u0646 \u0646\u062d\u0646 - KamelCo\",\"isPartOf\":{\"@id\":\"https:\/\/kamelco-tr.com\/#website\"},\"primaryImageOfPage\":{\"@id\":\"https:\/\/kamelco-tr.com\/about\/#primaryimage\"},\"image\":{\"@id\":\"https:\/\/kamelco-tr.com\/about\/#primaryimage\"},\"thumbnailUrl\":\"https:\/\/kamelco-tr.com\/wp-content\/uploads\/2023\/03\/Screenshot-2023-03-14-151958.png\",\"datePublished\":\"2021-01-12T01:28:54+00:00\",\"dateModified\":\"2023-03-14T12:25:49+00:00\",\"breadcrumb\":{\"@id\":\"https:\/\/kamelco-tr.com\/about\/#breadcrumb\"},\"inLanguage\":\"tr\",\"potentialAction\":[{\"@type\":\"ReadAction\",\"target\":[\"https:\/\/kamelco-tr.com\/about\/\"]}]},{\"@type\":\"ImageObject\",\"inLanguage\":\"tr\",\"@id\":\"https:\/\/kamelco-tr.com\/about\/#primaryimage\",\"url\":\"https:\/\/kamelco-tr.com\/wp-content\/uploads\/2023\/03\/Screenshot-2023-03-14-151958.png\",\"contentUrl\":\"https:\/\/kamelco-tr.com\/wp-content\/uploads\/2023\/03\/Screenshot-2023-03-14-151958.png\"},{\"@type\":\"BreadcrumbList\",\"@id\":\"https:\/\/kamelco-tr.com\/about\/#breadcrumb\",\"itemListElement\":[{\"@type\":\"ListItem\",\"position\":1,\"name\":\"\u0627\u0644\u0631\u0626\u064a\u0633\u064a\u0629\",\"item\":\"https:\/\/kamelco-tr.com\/\"},{\"@type\":\"ListItem\",\"position\":2,\"name\":\"\u0645\u0646 \u0646\u062d\u0646\"}]},{\"@type\":\"WebSite\",\"@id\":\"https:\/\/kamelco-tr.com\/#website\",\"url\":\"https:\/\/kamelco-tr.com\/\",\"name\":\"KamelCo\",\"description\":\"Real Estate Construction and trade company\",\"potentialAction\":[{\"@type\":\"SearchAction\",\"target\":{\"@type\":\"EntryPoint\",\"urlTemplate\":\"https:\/\/kamelco-tr.com\/?s={search_term_string}\"},\"query-input\":{\"@type\":\"PropertyValueSpecification\",\"valueRequired\":true,\"valueName\":\"search_term_string\"}}],\"inLanguage\":\"tr\"}]}<\/script>\n<!-- \/ Yoast SEO plugin. -->","yoast_head_json":{"title":"\u0645\u0646 \u0646\u062d\u0646 - KamelCo","robots":{"index":"index","follow":"follow","max-snippet":"max-snippet:-1","max-image-preview":"max-image-preview:large","max-video-preview":"max-video-preview:-1"},"canonical":"https:\/\/kamelco-tr.com\/tr\/about\/","og_locale":"tr_TR","og_type":"article","og_title":"\u0645\u0646 \u0646\u062d\u0646 - KamelCo","og_description":"\u0646\u0628\u0630\u0629 \u0639\u0646\u0627 \u0634\u0631\u0643\u0629 \u0643\u0627\u0645\u0644\u0643\u0648 \u0644\u0644\u0625\u0646\u0640\u0634\u0640\u0640\u0640\u0640\u0627\u0621\u0627\u062a \u0648 \u0627\u0644\u062a\u0633\u0640\u0640\u0648\u064a\u0642 \u0627\u0644\u0639\u0642\u0640\u0640\u0640\u0640\u0640\u0627\u0631\u064a \u0627\u0643\u0633\u0640\u0640\u0640\u0628\u0640\u062a \u0627\u0644\u0634\u0640\u0640\u0640\u0640\u0640\u0640\u0631\u0643\u0640\u0640\u0640\u0640\u0640\u0629 \u0627\u0644\u0623\u0641\u0636\u0644\u064a\u0640\u0640\u0640\u0629 \u0648\u0627\u0644\u062a\u0645\u064a\u0640\u0640\u0632 \u0628\u064a\u0646 \u0627\u0644\u0634\u0640\u0640\u0640\u0640\u0640\u0640\u0640\u0631\u0643\u0627\u062a \u0627\u0644\u0645\u0646\u0627\u0641\u0633\u0640\u0640\u0640\u0640\u0647 \u0644\u0644\u062a\u0639\u0627\u0645\u0640\u0640\u0644 \u0645\u0639 \u0627\u0644\u0643\u0640\u0644 \u0628\u062b\u0642\u0640\u0629 \u0648\u0627\u0644\u0646\u0632\u0627\u0647\u0647 \u0648\u0642\u062f \u062a\u062e\u0635\u0635\u062a \u0627\u0644\u0634\u0631\u0643\u0629 \u0645\u0646\u0630 \u0627\u0646\u0637\u0644\u0627\u0642\u0647\u0640\u0640\u0640\u0640\u0627 \u0641\u0649 \u0623\u0639\u0645\u0640\u0640\u0640\u0640\u0627\u0644 \u0627\u0644\u0627\u0646\u0634\u0627\u0621\u0627\u062a \u0648\u0627\u0644\u062a\u0633\u0648\u064a\u0642 \u0627\u0644\u0639\u0642\u0627\u0631\u064a \u0627\u0647\u062f\u0627\u0641\u0646\u0627 \u0634\u0631\u0643\u0629 \u0643\u0627\u0645\u0644\u0643\u0648 \u062a\u0633\u0639\u0649 \u0644\u062a\u062d\u0642\u064a\u0642 \u0647\u062f\u0641 \u064a\u062a\u0645\u062b\u0644 \u0641\u0649 \u0628\u0646\u0627\u0621 \u0634\u0631\u0643\u0629 \u062a\u062d\u0642\u0642 \u0631\u0636\u0627 \u0627\u0644\u0639\u0645\u064a\u0644 \u0623\u0648\u064b\u0644\u0627 \u0648\u062c\u0648\u062f\u0629 \u0627\u0644\u0639\u0645\u0644 \u0648 \u0627\u0644\u0634\u0641\u0627\u0641\u064a\u0647 \u0641\u064a \u0627\u0644\u062a\u0639\u0627\u0645\u0644 \u0628\u0643\u0644 \u0635\u062f\u0642 \u0648 \u0623\u0645\u0627\u0646\u0647 \u0644\u062a\u0644\u0628\u064a","og_url":"https:\/\/kamelco-tr.com\/tr\/about\/","og_site_name":"KamelCo","article_modified_time":"2023-03-14T12:25:49+00:00","og_image":[{"url":"https:\/\/kamelco-tr.com\/wp-content\/uploads\/2023\/03\/Screenshot-2023-03-14-151958.png","type":"","width":"","height":""}],"twitter_card":"summary_large_image","twitter_misc":{"Tahmini okuma s\u00fcresi":"1 dakika"},"schema":{"@context":"https:\/\/schema.org","@graph":[{"@type":"WebPage","@id":"https:\/\/kamelco-tr.com\/about\/","url":"https:\/\/kamelco-tr.com\/about\/","name":"\u0645\u0646 \u0646\u062d\u0646 - KamelCo","isPartOf":{"@id":"https:\/\/kamelco-tr.com\/#website"},"primaryImageOfPage":{"@id":"https:\/\/kamelco-tr.com\/about\/#primaryimage"},"image":{"@id":"https:\/\/kamelco-tr.com\/about\/#primaryimage"},"thumbnailUrl":"https:\/\/kamelco-tr.com\/wp-content\/uploads\/2023\/03\/Screenshot-2023-03-14-151958.png","datePublished":"2021-01-12T01:28:54+00:00","dateModified":"2023-03-14T12:25:49+00:00","breadcrumb":{"@id":"https:\/\/kamelco-tr.com\/about\/#breadcrumb"},"inLanguage":"tr","potentialAction":[{"@type":"ReadAction","target":["https:\/\/kamelco-tr.com\/about\/"]}]},{"@type":"ImageObject","inLanguage":"tr","@id":"https:\/\/kamelco-tr.com\/about\/#primaryimage","url":"https:\/\/kamelco-tr.com\/wp-content\/uploads\/2023\/03\/Screenshot-2023-03-14-151958.png","contentUrl":"https:\/\/kamelco-tr.com\/wp-content\/uploads\/2023\/03\/Screenshot-2023-03-14-151958.png"},{"@type":"BreadcrumbList","@id":"https:\/\/kamelco-tr.com\/about\/#breadcrumb","itemListElement":[{"@type":"ListItem","position":1,"name":"\u0627\u0644\u0631\u0626\u064a\u0633\u064a\u0629","item":"https:\/\/kamelco-tr.com\/"},{"@type":"ListItem","position":2,"name":"\u0645\u0646 \u0646\u062d\u0646"}]},{"@type":"WebSite","@id":"https:\/\/kamelco-tr.com\/#website","url":"https:\/\/kamelco-tr.com\/","name":"KamelCo","description":"Real Estate Construction and trade company","potentialAction":[{"@type":"SearchAction","target":{"@type":"EntryPoint","urlTemplate":"https:\/\/kamelco-tr.com\/?s={search_term_string}"},"query-input":{"@type":"PropertyValueSpecification","valueRequired":true,"valueName":"search_term_string"}}],"inLanguage":"tr"}]}},"acf":[],"_links":{"self":[{"href":"https:\/\/kamelco-tr.com\/tr\/wp-json\/wp\/v2\/pages\/3941","targetHints":{"allow":["GET"]}}],"collection":[{"href":"https:\/\/kamelco-tr.com\/tr\/wp-json\/wp\/v2\/pages"}],"about":[{"href":"https:\/\/kamelco-tr.com\/tr\/wp-json\/wp\/v2\/types\/page"}],"author":[{"embeddable":true,"href":"https:\/\/kamelco-tr.com\/tr\/wp-json\/wp\/v2\/users\/14"}],"replies":[{"embeddable":true,"href":"https:\/\/kamelco-tr.com\/tr\/wp-json\/wp\/v2\/comments?post=3941"}],"version-history":[{"count":18,"href":"https:\/\/kamelco-tr.com\/tr\/wp-json\/wp\/v2\/pages\/3941\/revisions"}],"predecessor-version":[{"id":18569,"href":"https:\/\/kamelco-tr.com\/tr\/wp-json\/wp\/v2\/pages\/3941\/revisions\/18569"}],"wp:attachment":[{"href":"https:\/\/kamelco-tr.com\/tr\/wp-json\/wp\/v2\/media?parent=3941"}],"curies":[{"name":"wp","href":"https:\/\/api.w.org\/{rel}","templated":true}]}}