{"id":18663,"date":"2023-05-17T14:56:47","date_gmt":"2023-05-17T12:56:47","guid":{"rendered":"https:\/\/kamelco-tr.com\/?page_id=18663"},"modified":"2023-05-17T15:05:02","modified_gmt":"2023-05-17T13:05:02","slug":"%d8%ae%d8%af%d9%85%d8%a7%d8%aa-%d8%aa%d8%a3%d8%ac%d9%8a%d8%b1-%d8%a7%d9%84%d8%b3%d9%8a%d8%a7%d8%b1%d8%a7%d8%aa","status":"publish","type":"page","link":"https:\/\/kamelco-tr.com\/tr\/%d8%ae%d8%af%d9%85%d8%a7%d8%aa-%d8%aa%d8%a3%d8%ac%d9%8a%d8%b1-%d8%a7%d9%84%d8%b3%d9%8a%d8%a7%d8%b1%d8%a7%d8%aa\/","title":{"rendered":"Ara\u00e7 kiralama hizmetleri"},"content":{"rendered":"<div data-elementor-type=\"wp-page\" data-elementor-id=\"18663\" class=\"elementor elementor-18663\">\n\t\t\t\t\t\t<section class=\"elementor-section elementor-top-section elementor-element elementor-element-3841cd76 elementor-section-height-min-height elementor-section-boxed elementor-section-height-default elementor-section-items-middle rt-parallax-bg-no\" data-id=\"3841cd76\" data-element_type=\"section\" data-settings=\"{&quot;background_background&quot;:&quot;classic&quot;}\">\n\t\t\t\t\t\t\t<div class=\"elementor-background-overlay\"><\/div>\n\t\t\t\t\t\t\t<div class=\"elementor-container elementor-column-gap-default\">\n\t\t\t\t\t<div class=\"elementor-column elementor-col-100 elementor-top-column elementor-element elementor-element-78678c50\" data-id=\"78678c50\" data-element_type=\"column\">\n\t\t\t<div class=\"elementor-widget-wrap elementor-element-populated\">\n\t\t\t\t\t\t\t<\/div>\n\t\t<\/div>\n\t\t\t\t\t<\/div>\n\t\t<\/section>\n\t\t\t\t<section class=\"elementor-section elementor-top-section elementor-element elementor-element-5cd73202 elementor-reverse-tablet elementor-reverse-mobile elementor-section-boxed elementor-section-height-default elementor-section-height-default rt-parallax-bg-no\" data-id=\"5cd73202\" data-element_type=\"section\" data-settings=\"{&quot;background_background&quot;:&quot;classic&quot;}\">\n\t\t\t\t\t\t\t<div class=\"elementor-background-overlay\"><\/div>\n\t\t\t\t\t\t\t<div class=\"elementor-container elementor-column-gap-default\">\n\t\t\t\t\t<div class=\"elementor-column elementor-col-50 elementor-top-column elementor-element elementor-element-2c489662\" data-id=\"2c489662\" data-element_type=\"column\">\n\t\t\t<div class=\"elementor-widget-wrap elementor-element-populated\">\n\t\t\t\t\t\t<div class=\"elementor-element elementor-element-5d6c99a7 elementor-widget elementor-widget-text-editor\" data-id=\"5d6c99a7\" data-element_type=\"widget\" data-widget_type=\"text-editor.default\">\n\t\t\t\t<div class=\"elementor-widget-container\">\n\t\t\t\t\t\t\t\t\t<p>Kamel co. &#039; da ara\u00e7 kiralama hizmeti. m\u00fc\u015fterilere i\u015fe gidip gelmenin ve \u00f6zg\u00fcrce dola\u015fman\u0131n keyfini \u00e7\u0131karmalar\u0131 i\u00e7in uygun ve g\u00fcvenilir bir deneyim sunar. \u015eirket, ekonomik otomobillerden l\u00fcks ve spor otomobillere kadar geni\u015f bir yelpazede modern ve kaliteli otomobiller sunmaktad\u0131r.<\/p><p>Kamel Ko&#039;daki ara\u00e7 kiralama hizmeti, m\u00fc\u015fterilerin en sevdikleri arabay\u0131 telefonla rezerve edebilmeleri nedeniyle esneklik ve rezervasyon kolayl\u0131\u011f\u0131 ile karakterize edilir. \u015eirket ayr\u0131ca, havaalan\u0131na veya belirtilen yere gidi\u015f-d\u00f6n\u00fc\u015f kar\u015f\u0131lama ve b\u0131rakma hizmeti sunarak, arac\u0131 alma ve teslim etme s\u00fcrecini m\u00fc\u015fteriler i\u00e7in sorunsuz ve rahat hale getirir.<\/p><p>Kamel co, t\u00fcm ara\u00e7lar\u0131n m\u00fckemmel durumda olmas\u0131n\u0131 ve en son teknoloji ve olanaklarla donat\u0131lmas\u0131n\u0131 sa\u011flar. Farkl\u0131 m\u00fc\u015fteri ihtiya\u00e7lar\u0131n\u0131 kar\u015f\u0131lamak i\u00e7in \u00e7ocuk koltu\u011fu kiralama veya K\u00fcresel Konumlama Sistemi (GPS) gibi ek se\u00e7enekler mevcuttur.<\/p><p>Kamelco, m\u00fc\u015fteri memnuniyetini sa\u011flamak ve gereksinimlerini kar\u015f\u0131lamak i\u00e7in ekip verimli ve profesyonel bir \u015fekilde \u00e7al\u0131\u015ft\u0131\u011f\u0131 i\u00e7in \u00fcst\u00fcn m\u00fc\u015fteri hizmeti sunmaya isteklidir.<\/p>\t\t\t\t\t\t\t\t<\/div>\n\t\t\t\t<\/div>\n\t\t\t\t\t<\/div>\n\t\t<\/div>\n\t\t\t\t<div class=\"elementor-column elementor-col-50 elementor-top-column elementor-element elementor-element-1aa60a6\" data-id=\"1aa60a6\" data-element_type=\"column\">\n\t\t\t<div class=\"elementor-widget-wrap elementor-element-populated\">\n\t\t\t\t\t\t<div class=\"elementor-element elementor-element-a3e5085 elementor-widget elementor-widget-image\" data-id=\"a3e5085\" data-element_type=\"widget\" data-widget_type=\"image.default\">\n\t\t\t\t<div class=\"elementor-widget-container\">\n\t\t\t\t\t\t\t\t\t\t\t\t\t\t\t<img fetchpriority=\"high\" decoding=\"async\" width=\"1000\" height=\"667\" src=\"https:\/\/kamelco-tr.com\/wp-content\/uploads\/2023\/05\/stylish-elegant-woman-car-salon.jpg\" class=\"attachment-large size-large wp-image-18675\" alt=\"\" title=\"\" \/>\t\t\t\t\t\t\t\t\t\t\t\t\t\t\t<\/div>\n\t\t\t\t<\/div>\n\t\t\t\t\t<\/div>\n\t\t<\/div>\n\t\t\t\t\t<\/div>\n\t\t<\/section>\n\t\t\t\t<section class=\"elementor-section elementor-top-section elementor-element elementor-element-741bf4ff elementor-section-full_width elementor-section-height-default elementor-section-height-default rt-parallax-bg-no\" data-id=\"741bf4ff\" data-element_type=\"section\">\n\t\t\t\t\t\t<div class=\"elementor-container elementor-column-gap-default\">\n\t\t\t\t\t<div class=\"elementor-column elementor-col-100 elementor-top-column elementor-element elementor-element-1cc41eb3\" data-id=\"1cc41eb3\" data-element_type=\"column\">\n\t\t\t<div class=\"elementor-widget-wrap elementor-element-populated\">\n\t\t\t\t\t\t<section class=\"elementor-section elementor-inner-section elementor-element elementor-element-60a8efbf elementor-section-height-min-height elementor-section-content-middle elementor-section-boxed elementor-section-height-default rt-parallax-bg-no elementor-invisible\" data-id=\"60a8efbf\" data-element_type=\"section\" data-settings=\"{&quot;background_background&quot;:&quot;classic&quot;,&quot;animation&quot;:&quot;fadeInUp&quot;}\">\n\t\t\t\t\t\t<div class=\"elementor-container elementor-column-gap-default\">\n\t\t\t\t\t<div class=\"elementor-column elementor-col-50 elementor-inner-column elementor-element elementor-element-1ea43df0\" data-id=\"1ea43df0\" data-element_type=\"column\">\n\t\t\t<div class=\"elementor-widget-wrap elementor-element-populated\">\n\t\t\t\t\t\t<div class=\"elementor-element elementor-element-68701956 elementor-icon-list--layout-traditional elementor-list-item-link-full_width elementor-widget elementor-widget-icon-list\" data-id=\"68701956\" data-element_type=\"widget\" data-widget_type=\"icon-list.default\">\n\t\t\t\t<div class=\"elementor-widget-container\">\n\t\t\t\t\t\t\t<ul class=\"elementor-icon-list-items\">\n\t\t\t\t\t\t\t<li class=\"elementor-icon-list-item\">\n\t\t\t\t\t\t\t\t\t\t\t<span class=\"elementor-icon-list-icon\">\n\t\t\t\t\t\t\t<i aria-hidden=\"true\" class=\"flaticon-phone-call\"><\/i>\t\t\t\t\t\t<\/span>\n\t\t\t\t\t\t\t\t\t\t<span class=\"elementor-icon-list-text\">Herhangi bir sorunuz varsa, \u015fimdi bize ula\u015f\u0131n<\/span>\n\t\t\t\t\t\t\t\t\t<\/li>\n\t\t\t\t\t\t<\/ul>\n\t\t\t\t\t\t<\/div>\n\t\t\t\t<\/div>\n\t\t\t\t\t<\/div>\n\t\t<\/div>\n\t\t\t\t<div class=\"elementor-column elementor-col-50 elementor-inner-column elementor-element elementor-element-7f5f6daa\" data-id=\"7f5f6daa\" data-element_type=\"column\">\n\t\t\t<div class=\"elementor-widget-wrap elementor-element-populated\">\n\t\t\t\t\t\t<div class=\"elementor-element elementor-element-538ac08e elementor-align-justify elementor-mobile-align-justify elementor-button-animation-enable elementor-widget elementor-widget-button\" data-id=\"538ac08e\" data-element_type=\"widget\" data-widget_type=\"button.default\">\n\t\t\t\t<div class=\"elementor-widget-container\">\n\t\t\t\t\t\t\t\t\t<div class=\"elementor-button-wrapper\">\n\t\t\t\t\t<a class=\"elementor-button elementor-button-link elementor-size-sm\" href=\"#\">\n\t\t\t\t\t\t<span class=\"elementor-button-content-wrapper\">\n\t\t\t\t\t\t\t\t\t<span class=\"elementor-button-text\">\u015eimdi bize ula\u015f\u0131n<\/span>\n\t\t\t\t\t<\/span>\n\t\t\t\t\t<\/a>\n\t\t\t\t<\/div>\n\t\t\t\t\t\t\t\t<\/div>\n\t\t\t\t<\/div>\n\t\t\t\t\t<\/div>\n\t\t<\/div>\n\t\t\t\t\t<\/div>\n\t\t<\/section>\n\t\t\t\t\t<\/div>\n\t\t<\/div>\n\t\t\t\t\t<\/div>\n\t\t<\/section>\n\t\t\t\t<\/div>","protected":false},"excerpt":{"rendered":"<p>\u062e\u062f\u0645\u0629 \u062a\u0623\u062c\u064a\u0631 \u0627\u0644\u0633\u064a\u0627\u0631\u0627\u062a \u0641\u064a \u0634\u0631\u0643\u0629 \u0643\u0627\u0645\u0644 \u0643\u0648 \u062a\u0648\u0641\u0631 \u0644\u0644\u0639\u0645\u0644\u0627\u0621 \u062a\u062c\u0631\u0628\u0629 \u0645\u0631\u064a\u062d\u0629 \u0648\u0645\u0648\u062b\u0648\u0642\u0629 \u0644\u0644\u0627\u0633\u062a\u0645\u062a\u0627\u0639 \u0628\u0627\u0644\u062a\u0646\u0642\u0644 \u0648\u0627\u0644\u062a\u0646\u0642\u0644 \u0628\u062d\u0631\u064a\u0629. \u062a\u0648\u0641\u0631 \u0627\u0644\u0634\u0631\u0643\u0629 \u0645\u062c\u0645\u0648\u0639\u0629 \u0648\u0627\u0633\u0639\u0629 \u0645\u0646 \u0627\u0644\u0633\u064a\u0627\u0631\u0627\u062a \u0627\u0644\u062d\u062f\u064a\u062b\u0629 \u0648\u0627\u0644\u062c\u0648\u062f\u0629 \u0627\u0644\u0639\u0627\u0644\u064a\u0629\u060c \u0628\u062f\u0621\u064b\u0627 \u0645\u0646 \u0627\u0644\u0633\u064a\u0627\u0631\u0627\u062a \u0627\u0644\u0627\u0642\u062a\u0635\u0627\u062f\u064a\u0629 \u0648\u0635\u0648\u0644\u0627\u064b \u0625\u0644\u0649 \u0627\u0644\u0633\u064a\u0627\u0631\u0627\u062a \u0627\u0644\u0641\u0627\u062e\u0631\u0629 \u0648\u0627\u0644\u0631\u064a\u0627\u0636\u064a\u0629. \u062a\u062a\u0645\u064a\u0632 \u062e\u062f\u0645\u0629 \u062a\u0623\u062c\u064a\u0631 \u0627\u0644\u0633\u064a\u0627\u0631\u0627\u062a \u0641\u064a \u0643\u0627\u0645\u0644 \u0643\u0648 \u0628\u0627\u0644\u0645\u0631\u0648\u0646\u0629 \u0648\u0627\u0644\u0633\u0647\u0648\u0644\u0629 \u0641\u064a \u0627\u0644\u062d\u062c\u0632\u060c \u062d\u064a\u062b \u064a\u0645\u0643\u0646 \u0644\u0644\u0639\u0645\u0644\u0627\u0621 \u062d\u062c\u0632 \u0633\u064a\u0627\u0631\u062a\u0647\u0645 \u0627\u0644\u0645\u0641\u0636\u0644\u0629 \u0639\u0628\u0631 \u0627\u0644\u0647\u0627\u062a\u0641. \u0643\u0645\u0627 \u062a\u0648\u0641\u0631<\/p>","protected":false},"author":14,"featured_media":0,"parent":0,"menu_order":0,"comment_status":"closed","ping_status":"closed","template":"elementor_header_footer","meta":{"_rtcl_gb_attr":"","footnotes":""},"class_list":["post-18663","page","type-page","status-publish","hentry"],"yoast_head":"<!-- This site is optimized with the Yoast SEO plugin v26.9 - https:\/\/yoast.com\/product\/yoast-seo-wordpress\/ -->\n<title>\u062e\u062f\u0645\u0627\u062a \u062a\u0623\u062c\u064a\u0631 \u0627\u0644\u0633\u064a\u0627\u0631\u0627\u062a - KamelCo<\/title>\n<meta name=\"robots\" content=\"index, follow, max-snippet:-1, max-image-preview:large, max-video-preview:-1\" \/>\n<link rel=\"canonical\" href=\"https:\/\/kamelco-tr.com\/tr\/\u062e\u062f\u0645\u0627\u062a-\u062a\u0623\u062c\u064a\u0631-\u0627\u0644\u0633\u064a\u0627\u0631\u0627\u062a\/\" \/>\n<meta property=\"og:locale\" content=\"tr_TR\" \/>\n<meta property=\"og:type\" content=\"article\" \/>\n<meta property=\"og:title\" content=\"\u062e\u062f\u0645\u0627\u062a \u062a\u0623\u062c\u064a\u0631 \u0627\u0644\u0633\u064a\u0627\u0631\u0627\u062a - KamelCo\" \/>\n<meta property=\"og:description\" content=\"\u062e\u062f\u0645\u0629 \u062a\u0623\u062c\u064a\u0631 \u0627\u0644\u0633\u064a\u0627\u0631\u0627\u062a \u0641\u064a \u0634\u0631\u0643\u0629 \u0643\u0627\u0645\u0644 \u0643\u0648 \u062a\u0648\u0641\u0631 \u0644\u0644\u0639\u0645\u0644\u0627\u0621 \u062a\u062c\u0631\u0628\u0629 \u0645\u0631\u064a\u062d\u0629 \u0648\u0645\u0648\u062b\u0648\u0642\u0629 \u0644\u0644\u0627\u0633\u062a\u0645\u062a\u0627\u0639 \u0628\u0627\u0644\u062a\u0646\u0642\u0644 \u0648\u0627\u0644\u062a\u0646\u0642\u0644 \u0628\u062d\u0631\u064a\u0629. \u062a\u0648\u0641\u0631 \u0627\u0644\u0634\u0631\u0643\u0629 \u0645\u062c\u0645\u0648\u0639\u0629 \u0648\u0627\u0633\u0639\u0629 \u0645\u0646 \u0627\u0644\u0633\u064a\u0627\u0631\u0627\u062a \u0627\u0644\u062d\u062f\u064a\u062b\u0629 \u0648\u0627\u0644\u062c\u0648\u062f\u0629 \u0627\u0644\u0639\u0627\u0644\u064a\u0629\u060c \u0628\u062f\u0621\u064b\u0627 \u0645\u0646 \u0627\u0644\u0633\u064a\u0627\u0631\u0627\u062a \u0627\u0644\u0627\u0642\u062a\u0635\u0627\u062f\u064a\u0629 \u0648\u0635\u0648\u0644\u0627\u064b \u0625\u0644\u0649 \u0627\u0644\u0633\u064a\u0627\u0631\u0627\u062a \u0627\u0644\u0641\u0627\u062e\u0631\u0629 \u0648\u0627\u0644\u0631\u064a\u0627\u0636\u064a\u0629. \u062a\u062a\u0645\u064a\u0632 \u062e\u062f\u0645\u0629 \u062a\u0623\u062c\u064a\u0631 \u0627\u0644\u0633\u064a\u0627\u0631\u0627\u062a \u0641\u064a \u0643\u0627\u0645\u0644 \u0643\u0648 \u0628\u0627\u0644\u0645\u0631\u0648\u0646\u0629 \u0648\u0627\u0644\u0633\u0647\u0648\u0644\u0629 \u0641\u064a \u0627\u0644\u062d\u062c\u0632\u060c \u062d\u064a\u062b \u064a\u0645\u0643\u0646 \u0644\u0644\u0639\u0645\u0644\u0627\u0621 \u062d\u062c\u0632 \u0633\u064a\u0627\u0631\u062a\u0647\u0645 \u0627\u0644\u0645\u0641\u0636\u0644\u0629 \u0639\u0628\u0631 \u0627\u0644\u0647\u0627\u062a\u0641. \u0643\u0645\u0627 \u062a\u0648\u0641\u0631\" \/>\n<meta property=\"og:url\" content=\"https:\/\/kamelco-tr.com\/tr\/\u062e\u062f\u0645\u0627\u062a-\u062a\u0623\u062c\u064a\u0631-\u0627\u0644\u0633\u064a\u0627\u0631\u0627\u062a\/\" \/>\n<meta property=\"og:site_name\" content=\"KamelCo\" \/>\n<meta property=\"article:modified_time\" content=\"2023-05-17T13:05:02+00:00\" \/>\n<meta property=\"og:image\" content=\"https:\/\/kamelco-tr.com\/wp-content\/uploads\/2023\/05\/stylish-elegant-woman-car-salon.jpg\" \/>\n<meta name=\"twitter:card\" content=\"summary_large_image\" \/>\n<script type=\"application\/ld+json\" class=\"yoast-schema-graph\">{\"@context\":\"https:\/\/schema.org\",\"@graph\":[{\"@type\":\"WebPage\",\"@id\":\"https:\/\/kamelco-tr.com\/%d8%ae%d8%af%d9%85%d8%a7%d8%aa-%d8%aa%d8%a3%d8%ac%d9%8a%d8%b1-%d8%a7%d9%84%d8%b3%d9%8a%d8%a7%d8%b1%d8%a7%d8%aa\/\",\"url\":\"https:\/\/kamelco-tr.com\/%d8%ae%d8%af%d9%85%d8%a7%d8%aa-%d8%aa%d8%a3%d8%ac%d9%8a%d8%b1-%d8%a7%d9%84%d8%b3%d9%8a%d8%a7%d8%b1%d8%a7%d8%aa\/\",\"name\":\"\u062e\u062f\u0645\u0627\u062a \u062a\u0623\u062c\u064a\u0631 \u0627\u0644\u0633\u064a\u0627\u0631\u0627\u062a - KamelCo\",\"isPartOf\":{\"@id\":\"https:\/\/kamelco-tr.com\/#website\"},\"primaryImageOfPage\":{\"@id\":\"https:\/\/kamelco-tr.com\/%d8%ae%d8%af%d9%85%d8%a7%d8%aa-%d8%aa%d8%a3%d8%ac%d9%8a%d8%b1-%d8%a7%d9%84%d8%b3%d9%8a%d8%a7%d8%b1%d8%a7%d8%aa\/#primaryimage\"},\"image\":{\"@id\":\"https:\/\/kamelco-tr.com\/%d8%ae%d8%af%d9%85%d8%a7%d8%aa-%d8%aa%d8%a3%d8%ac%d9%8a%d8%b1-%d8%a7%d9%84%d8%b3%d9%8a%d8%a7%d8%b1%d8%a7%d8%aa\/#primaryimage\"},\"thumbnailUrl\":\"https:\/\/kamelco-tr.com\/wp-content\/uploads\/2023\/05\/stylish-elegant-woman-car-salon.jpg\",\"datePublished\":\"2023-05-17T12:56:47+00:00\",\"dateModified\":\"2023-05-17T13:05:02+00:00\",\"breadcrumb\":{\"@id\":\"https:\/\/kamelco-tr.com\/%d8%ae%d8%af%d9%85%d8%a7%d8%aa-%d8%aa%d8%a3%d8%ac%d9%8a%d8%b1-%d8%a7%d9%84%d8%b3%d9%8a%d8%a7%d8%b1%d8%a7%d8%aa\/#breadcrumb\"},\"inLanguage\":\"tr\",\"potentialAction\":[{\"@type\":\"ReadAction\",\"target\":[\"https:\/\/kamelco-tr.com\/%d8%ae%d8%af%d9%85%d8%a7%d8%aa-%d8%aa%d8%a3%d8%ac%d9%8a%d8%b1-%d8%a7%d9%84%d8%b3%d9%8a%d8%a7%d8%b1%d8%a7%d8%aa\/\"]}]},{\"@type\":\"ImageObject\",\"inLanguage\":\"tr\",\"@id\":\"https:\/\/kamelco-tr.com\/%d8%ae%d8%af%d9%85%d8%a7%d8%aa-%d8%aa%d8%a3%d8%ac%d9%8a%d8%b1-%d8%a7%d9%84%d8%b3%d9%8a%d8%a7%d8%b1%d8%a7%d8%aa\/#primaryimage\",\"url\":\"https:\/\/kamelco-tr.com\/wp-content\/uploads\/2023\/05\/stylish-elegant-woman-car-salon.jpg\",\"contentUrl\":\"https:\/\/kamelco-tr.com\/wp-content\/uploads\/2023\/05\/stylish-elegant-woman-car-salon.jpg\"},{\"@type\":\"BreadcrumbList\",\"@id\":\"https:\/\/kamelco-tr.com\/%d8%ae%d8%af%d9%85%d8%a7%d8%aa-%d8%aa%d8%a3%d8%ac%d9%8a%d8%b1-%d8%a7%d9%84%d8%b3%d9%8a%d8%a7%d8%b1%d8%a7%d8%aa\/#breadcrumb\",\"itemListElement\":[{\"@type\":\"ListItem\",\"position\":1,\"name\":\"\u0627\u0644\u0631\u0626\u064a\u0633\u064a\u0629\",\"item\":\"https:\/\/kamelco-tr.com\/\"},{\"@type\":\"ListItem\",\"position\":2,\"name\":\"\u062e\u062f\u0645\u0627\u062a \u062a\u0623\u062c\u064a\u0631 \u0627\u0644\u0633\u064a\u0627\u0631\u0627\u062a\"}]},{\"@type\":\"WebSite\",\"@id\":\"https:\/\/kamelco-tr.com\/#website\",\"url\":\"https:\/\/kamelco-tr.com\/\",\"name\":\"KamelCo\",\"description\":\"Real Estate Construction and trade company\",\"potentialAction\":[{\"@type\":\"SearchAction\",\"target\":{\"@type\":\"EntryPoint\",\"urlTemplate\":\"https:\/\/kamelco-tr.com\/?s={search_term_string}\"},\"query-input\":{\"@type\":\"PropertyValueSpecification\",\"valueRequired\":true,\"valueName\":\"search_term_string\"}}],\"inLanguage\":\"tr\"}]}<\/script>\n<!-- \/ Yoast SEO plugin. -->","yoast_head_json":{"title":"\u062e\u062f\u0645\u0627\u062a \u062a\u0623\u062c\u064a\u0631 \u0627\u0644\u0633\u064a\u0627\u0631\u0627\u062a - KamelCo","robots":{"index":"index","follow":"follow","max-snippet":"max-snippet:-1","max-image-preview":"max-image-preview:large","max-video-preview":"max-video-preview:-1"},"canonical":"https:\/\/kamelco-tr.com\/tr\/\u062e\u062f\u0645\u0627\u062a-\u062a\u0623\u062c\u064a\u0631-\u0627\u0644\u0633\u064a\u0627\u0631\u0627\u062a\/","og_locale":"tr_TR","og_type":"article","og_title":"\u062e\u062f\u0645\u0627\u062a \u062a\u0623\u062c\u064a\u0631 \u0627\u0644\u0633\u064a\u0627\u0631\u0627\u062a - KamelCo","og_description":"\u062e\u062f\u0645\u0629 \u062a\u0623\u062c\u064a\u0631 \u0627\u0644\u0633\u064a\u0627\u0631\u0627\u062a \u0641\u064a \u0634\u0631\u0643\u0629 \u0643\u0627\u0645\u0644 \u0643\u0648 \u062a\u0648\u0641\u0631 \u0644\u0644\u0639\u0645\u0644\u0627\u0621 \u062a\u062c\u0631\u0628\u0629 \u0645\u0631\u064a\u062d\u0629 \u0648\u0645\u0648\u062b\u0648\u0642\u0629 \u0644\u0644\u0627\u0633\u062a\u0645\u062a\u0627\u0639 \u0628\u0627\u0644\u062a\u0646\u0642\u0644 \u0648\u0627\u0644\u062a\u0646\u0642\u0644 \u0628\u062d\u0631\u064a\u0629. \u062a\u0648\u0641\u0631 \u0627\u0644\u0634\u0631\u0643\u0629 \u0645\u062c\u0645\u0648\u0639\u0629 \u0648\u0627\u0633\u0639\u0629 \u0645\u0646 \u0627\u0644\u0633\u064a\u0627\u0631\u0627\u062a \u0627\u0644\u062d\u062f\u064a\u062b\u0629 \u0648\u0627\u0644\u062c\u0648\u062f\u0629 \u0627\u0644\u0639\u0627\u0644\u064a\u0629\u060c \u0628\u062f\u0621\u064b\u0627 \u0645\u0646 \u0627\u0644\u0633\u064a\u0627\u0631\u0627\u062a \u0627\u0644\u0627\u0642\u062a\u0635\u0627\u062f\u064a\u0629 \u0648\u0635\u0648\u0644\u0627\u064b \u0625\u0644\u0649 \u0627\u0644\u0633\u064a\u0627\u0631\u0627\u062a \u0627\u0644\u0641\u0627\u062e\u0631\u0629 \u0648\u0627\u0644\u0631\u064a\u0627\u0636\u064a\u0629. \u062a\u062a\u0645\u064a\u0632 \u062e\u062f\u0645\u0629 \u062a\u0623\u062c\u064a\u0631 \u0627\u0644\u0633\u064a\u0627\u0631\u0627\u062a \u0641\u064a \u0643\u0627\u0645\u0644 \u0643\u0648 \u0628\u0627\u0644\u0645\u0631\u0648\u0646\u0629 \u0648\u0627\u0644\u0633\u0647\u0648\u0644\u0629 \u0641\u064a \u0627\u0644\u062d\u062c\u0632\u060c \u062d\u064a\u062b \u064a\u0645\u0643\u0646 \u0644\u0644\u0639\u0645\u0644\u0627\u0621 \u062d\u062c\u0632 \u0633\u064a\u0627\u0631\u062a\u0647\u0645 \u0627\u0644\u0645\u0641\u0636\u0644\u0629 \u0639\u0628\u0631 \u0627\u0644\u0647\u0627\u062a\u0641. \u0643\u0645\u0627 \u062a\u0648\u0641\u0631","og_url":"https:\/\/kamelco-tr.com\/tr\/\u062e\u062f\u0645\u0627\u062a-\u062a\u0623\u062c\u064a\u0631-\u0627\u0644\u0633\u064a\u0627\u0631\u0627\u062a\/","og_site_name":"KamelCo","article_modified_time":"2023-05-17T13:05:02+00:00","og_image":[{"url":"https:\/\/kamelco-tr.com\/wp-content\/uploads\/2023\/05\/stylish-elegant-woman-car-salon.jpg","type":"","width":"","height":""}],"twitter_card":"summary_large_image","schema":{"@context":"https:\/\/schema.org","@graph":[{"@type":"WebPage","@id":"https:\/\/kamelco-tr.com\/%d8%ae%d8%af%d9%85%d8%a7%d8%aa-%d8%aa%d8%a3%d8%ac%d9%8a%d8%b1-%d8%a7%d9%84%d8%b3%d9%8a%d8%a7%d8%b1%d8%a7%d8%aa\/","url":"https:\/\/kamelco-tr.com\/%d8%ae%d8%af%d9%85%d8%a7%d8%aa-%d8%aa%d8%a3%d8%ac%d9%8a%d8%b1-%d8%a7%d9%84%d8%b3%d9%8a%d8%a7%d8%b1%d8%a7%d8%aa\/","name":"\u062e\u062f\u0645\u0627\u062a \u062a\u0623\u062c\u064a\u0631 \u0627\u0644\u0633\u064a\u0627\u0631\u0627\u062a - KamelCo","isPartOf":{"@id":"https:\/\/kamelco-tr.com\/#website"},"primaryImageOfPage":{"@id":"https:\/\/kamelco-tr.com\/%d8%ae%d8%af%d9%85%d8%a7%d8%aa-%d8%aa%d8%a3%d8%ac%d9%8a%d8%b1-%d8%a7%d9%84%d8%b3%d9%8a%d8%a7%d8%b1%d8%a7%d8%aa\/#primaryimage"},"image":{"@id":"https:\/\/kamelco-tr.com\/%d8%ae%d8%af%d9%85%d8%a7%d8%aa-%d8%aa%d8%a3%d8%ac%d9%8a%d8%b1-%d8%a7%d9%84%d8%b3%d9%8a%d8%a7%d8%b1%d8%a7%d8%aa\/#primaryimage"},"thumbnailUrl":"https:\/\/kamelco-tr.com\/wp-content\/uploads\/2023\/05\/stylish-elegant-woman-car-salon.jpg","datePublished":"2023-05-17T12:56:47+00:00","dateModified":"2023-05-17T13:05:02+00:00","breadcrumb":{"@id":"https:\/\/kamelco-tr.com\/%d8%ae%d8%af%d9%85%d8%a7%d8%aa-%d8%aa%d8%a3%d8%ac%d9%8a%d8%b1-%d8%a7%d9%84%d8%b3%d9%8a%d8%a7%d8%b1%d8%a7%d8%aa\/#breadcrumb"},"inLanguage":"tr","potentialAction":[{"@type":"ReadAction","target":["https:\/\/kamelco-tr.com\/%d8%ae%d8%af%d9%85%d8%a7%d8%aa-%d8%aa%d8%a3%d8%ac%d9%8a%d8%b1-%d8%a7%d9%84%d8%b3%d9%8a%d8%a7%d8%b1%d8%a7%d8%aa\/"]}]},{"@type":"ImageObject","inLanguage":"tr","@id":"https:\/\/kamelco-tr.com\/%d8%ae%d8%af%d9%85%d8%a7%d8%aa-%d8%aa%d8%a3%d8%ac%d9%8a%d8%b1-%d8%a7%d9%84%d8%b3%d9%8a%d8%a7%d8%b1%d8%a7%d8%aa\/#primaryimage","url":"https:\/\/kamelco-tr.com\/wp-content\/uploads\/2023\/05\/stylish-elegant-woman-car-salon.jpg","contentUrl":"https:\/\/kamelco-tr.com\/wp-content\/uploads\/2023\/05\/stylish-elegant-woman-car-salon.jpg"},{"@type":"BreadcrumbList","@id":"https:\/\/kamelco-tr.com\/%d8%ae%d8%af%d9%85%d8%a7%d8%aa-%d8%aa%d8%a3%d8%ac%d9%8a%d8%b1-%d8%a7%d9%84%d8%b3%d9%8a%d8%a7%d8%b1%d8%a7%d8%aa\/#breadcrumb","itemListElement":[{"@type":"ListItem","position":1,"name":"\u0627\u0644\u0631\u0626\u064a\u0633\u064a\u0629","item":"https:\/\/kamelco-tr.com\/"},{"@type":"ListItem","position":2,"name":"\u062e\u062f\u0645\u0627\u062a \u062a\u0623\u062c\u064a\u0631 \u0627\u0644\u0633\u064a\u0627\u0631\u0627\u062a"}]},{"@type":"WebSite","@id":"https:\/\/kamelco-tr.com\/#website","url":"https:\/\/kamelco-tr.com\/","name":"KamelCo","description":"Real Estate Construction and trade company","potentialAction":[{"@type":"SearchAction","target":{"@type":"EntryPoint","urlTemplate":"https:\/\/kamelco-tr.com\/?s={search_term_string}"},"query-input":{"@type":"PropertyValueSpecification","valueRequired":true,"valueName":"search_term_string"}}],"inLanguage":"tr"}]}},"acf":[],"_links":{"self":[{"href":"https:\/\/kamelco-tr.com\/tr\/wp-json\/wp\/v2\/pages\/18663","targetHints":{"allow":["GET"]}}],"collection":[{"href":"https:\/\/kamelco-tr.com\/tr\/wp-json\/wp\/v2\/pages"}],"about":[{"href":"https:\/\/kamelco-tr.com\/tr\/wp-json\/wp\/v2\/types\/page"}],"author":[{"embeddable":true,"href":"https:\/\/kamelco-tr.com\/tr\/wp-json\/wp\/v2\/users\/14"}],"replies":[{"embeddable":true,"href":"https:\/\/kamelco-tr.com\/tr\/wp-json\/wp\/v2\/comments?post=18663"}],"version-history":[{"count":10,"href":"https:\/\/kamelco-tr.com\/tr\/wp-json\/wp\/v2\/pages\/18663\/revisions"}],"predecessor-version":[{"id":18694,"href":"https:\/\/kamelco-tr.com\/tr\/wp-json\/wp\/v2\/pages\/18663\/revisions\/18694"}],"wp:attachment":[{"href":"https:\/\/kamelco-tr.com\/tr\/wp-json\/wp\/v2\/media?parent=18663"}],"curies":[{"name":"wp","href":"https:\/\/api.w.org\/{rel}","templated":true}]}}