{"id":18662,"date":"2023-05-17T14:51:39","date_gmt":"2023-05-17T12:51:39","guid":{"rendered":"https:\/\/kamelco-tr.com\/?page_id=18662"},"modified":"2023-05-17T15:03:07","modified_gmt":"2023-05-17T13:03:07","slug":"%d8%ae%d8%af%d9%85%d8%a7%d8%aa-%d8%a7%d9%84%d8%aa%d8%b5%d9%85%d9%8a%d9%85-%d8%a7%d9%84%d8%af%d8%a7%d8%ae%d9%84%d9%8a","status":"publish","type":"page","link":"https:\/\/kamelco-tr.com\/tr\/%d8%ae%d8%af%d9%85%d8%a7%d8%aa-%d8%a7%d9%84%d8%aa%d8%b5%d9%85%d9%8a%d9%85-%d8%a7%d9%84%d8%af%d8%a7%d8%ae%d9%84%d9%8a\/","title":{"rendered":"\u0130\u00e7 tasar\u0131m hizmetleri"},"content":{"rendered":"<div data-elementor-type=\"wp-page\" data-elementor-id=\"18662\" class=\"elementor elementor-18662\">\n\t\t\t\t\t\t<section class=\"elementor-section elementor-top-section elementor-element elementor-element-7c31ad4e elementor-section-height-min-height elementor-section-boxed elementor-section-height-default elementor-section-items-middle rt-parallax-bg-no\" data-id=\"7c31ad4e\" data-element_type=\"section\" data-settings=\"{&quot;background_background&quot;:&quot;classic&quot;}\">\n\t\t\t\t\t\t\t<div class=\"elementor-background-overlay\"><\/div>\n\t\t\t\t\t\t\t<div class=\"elementor-container elementor-column-gap-default\">\n\t\t\t\t\t<div class=\"elementor-column elementor-col-100 elementor-top-column elementor-element elementor-element-2a6aa50c\" data-id=\"2a6aa50c\" data-element_type=\"column\">\n\t\t\t<div class=\"elementor-widget-wrap elementor-element-populated\">\n\t\t\t\t\t\t\t<\/div>\n\t\t<\/div>\n\t\t\t\t\t<\/div>\n\t\t<\/section>\n\t\t\t\t<section class=\"elementor-section elementor-top-section elementor-element elementor-element-1a5f1879 elementor-reverse-tablet elementor-reverse-mobile elementor-section-boxed elementor-section-height-default elementor-section-height-default rt-parallax-bg-no\" data-id=\"1a5f1879\" data-element_type=\"section\" data-settings=\"{&quot;background_background&quot;:&quot;classic&quot;}\">\n\t\t\t\t\t\t\t<div class=\"elementor-background-overlay\"><\/div>\n\t\t\t\t\t\t\t<div class=\"elementor-container elementor-column-gap-default\">\n\t\t\t\t\t<div class=\"elementor-column elementor-col-50 elementor-top-column elementor-element elementor-element-af71b7e\" data-id=\"af71b7e\" data-element_type=\"column\">\n\t\t\t<div class=\"elementor-widget-wrap elementor-element-populated\">\n\t\t\t\t\t\t<div class=\"elementor-element elementor-element-697f704 elementor-widget elementor-widget-text-editor\" data-id=\"697f704\" data-element_type=\"widget\" data-widget_type=\"text-editor.default\">\n\t\t\t\t<div class=\"elementor-widget-container\">\n\t\t\t\t\t\t\t\t\t<p>M\u00fc\u015fterilerimizin vizyonunu somut bir ger\u00e7e\u011fe d\u00f6n\u00fc\u015ft\u00fcrmeyi \u00f6nemsiyoruz. \u0130htiya\u00e7lar\u0131n\u0131 ve hedeflerini anlamak i\u00e7in \u00e7al\u0131\u015f\u0131yor, \u00f6zg\u00fcn kimliklerini yans\u0131tan etkile\u015fimli ve g\u00fczel mekanlar tasarl\u0131yoruz. \u0130stenilen tasar\u0131m\u0131n elde edilmesini ve m\u00fc\u015fterilerimizin memnuniyetini sa\u011flamak i\u00e7in ister k\u00fc\u00e7\u00fck ister b\u00fcy\u00fck her detay \u00fczerinde \u00e7ok dikkatli \u00e7al\u0131\u015fmaya istekliyiz.<\/p><p>Hizmetlerimiz aras\u0131nda i\u00e7 mekan \u015femalar\u0131n\u0131n tasar\u0131m\u0131, mobilya ve malzeme se\u00e7imi, renk koordinasyonu ve ayd\u0131nlatma, atmosfer ve dekorasyonlar\u0131n tasar\u0131m\u0131 yer almaktad\u0131r. G\u00fczelli\u011fi ve pratik i\u015flevselli\u011fi birle\u015ftiren mekanlar yaratmaya \u00e7al\u0131\u015f\u0131yoruz ve en iyi sonu\u00e7lar\u0131 elde etmek i\u00e7in modern tasar\u0131m ilkelerine ve yenilik\u00e7i teknolojiye g\u00fcveniyoruz.<\/p><p>Ekibimiz kendini adam\u0131\u015f ve profesyoneldir ve tasar\u0131m s\u00fcreci boyunca m\u00fc\u015fterilerle yak\u0131n i\u015fbirli\u011fi i\u00e7indedir. Tatmin edici ve anlaml\u0131 bir tasar\u0131m deneyimi sunmak i\u00e7in \u00e7al\u0131\u015f\u0131yoruz ve tasarlad\u0131\u011f\u0131m\u0131z her projede en \u00fcst d\u00fczeyde kalite ve yenili\u011fe ula\u015fmak i\u00e7in \u00e7al\u0131\u015f\u0131yoruz.<\/p><p>Profesyonel ve yenilik\u00e7i i\u00e7 tasar\u0131m hizmetleri ar\u0131yorsan\u0131z, Kamel Co, \u00f6zlemlerinizi kar\u015f\u0131layan ve mekan\u0131n kimli\u011fini yans\u0131tan \u00fcst d\u00fczey ve benzersiz bir i\u00e7 tasar\u0131m elde etmek i\u00e7in ideal se\u00e7imdir.<\/p>\t\t\t\t\t\t\t\t<\/div>\n\t\t\t\t<\/div>\n\t\t\t\t\t<\/div>\n\t\t<\/div>\n\t\t\t\t<div class=\"elementor-column elementor-col-50 elementor-top-column elementor-element elementor-element-2b9460f9\" data-id=\"2b9460f9\" data-element_type=\"column\">\n\t\t\t<div class=\"elementor-widget-wrap elementor-element-populated\">\n\t\t\t\t\t\t<div class=\"elementor-element elementor-element-c304ac4 elementor-widget elementor-widget-image\" data-id=\"c304ac4\" data-element_type=\"widget\" data-widget_type=\"image.default\">\n\t\t\t\t<div class=\"elementor-widget-container\">\n\t\t\t\t\t\t\t\t\t\t\t\t\t\t\t<img fetchpriority=\"high\" decoding=\"async\" width=\"1000\" height=\"667\" src=\"https:\/\/kamelco-tr.com\/wp-content\/uploads\/2023\/05\/3d-rendering-loft-luxury-living-room-with-shelf-near-dining-table.jpg\" class=\"attachment-large size-large wp-image-18666\" alt=\"\" title=\"\" \/>\t\t\t\t\t\t\t\t\t\t\t\t\t\t\t<\/div>\n\t\t\t\t<\/div>\n\t\t\t\t\t<\/div>\n\t\t<\/div>\n\t\t\t\t\t<\/div>\n\t\t<\/section>\n\t\t\t\t<section class=\"elementor-section elementor-top-section elementor-element elementor-element-3f76ba97 elementor-hidden-desktop elementor-hidden-tablet elementor-hidden-mobile elementor-section-boxed elementor-section-height-default elementor-section-height-default rt-parallax-bg-no\" data-id=\"3f76ba97\" data-element_type=\"section\" data-settings=\"{&quot;background_background&quot;:&quot;classic&quot;}\">\n\t\t\t\t\t\t\t<div class=\"elementor-background-overlay\"><\/div>\n\t\t\t\t\t\t\t<div class=\"elementor-container elementor-column-gap-default\">\n\t\t\t\t\t<div class=\"elementor-column elementor-col-100 elementor-top-column elementor-element elementor-element-6b116e67\" data-id=\"6b116e67\" data-element_type=\"column\">\n\t\t\t<div class=\"elementor-widget-wrap elementor-element-populated\">\n\t\t\t\t\t\t<div class=\"elementor-element elementor-element-61117647 elementor-posts--align-center elementor-grid-3 elementor-grid-tablet-2 elementor-grid-mobile-1 elementor-posts--thumbnail-top elementor-widget elementor-widget-posts\" data-id=\"61117647\" data-element_type=\"widget\" data-settings=\"{&quot;classic_columns&quot;:&quot;3&quot;,&quot;classic_columns_tablet&quot;:&quot;2&quot;,&quot;classic_columns_mobile&quot;:&quot;1&quot;,&quot;classic_row_gap&quot;:{&quot;unit&quot;:&quot;px&quot;,&quot;size&quot;:35,&quot;sizes&quot;:[]},&quot;classic_row_gap_tablet&quot;:{&quot;unit&quot;:&quot;px&quot;,&quot;size&quot;:&quot;&quot;,&quot;sizes&quot;:[]},&quot;classic_row_gap_mobile&quot;:{&quot;unit&quot;:&quot;px&quot;,&quot;size&quot;:&quot;&quot;,&quot;sizes&quot;:[]}}\" data-widget_type=\"posts.classic\">\n\t\t\t\t<div class=\"elementor-widget-container\">\n\t\t\t\t\t\t\t<div class=\"elementor-posts-container elementor-posts elementor-posts--skin-classic elementor-grid\">\n\t\t\t\t<article class=\"elementor-post elementor-grid-item post-18249 constructions type-constructions status-publish has-post-thumbnail hentry con_cat-234\">\n\t\t\t\t<a class=\"elementor-post__thumbnail__link\" href=\"https:\/\/kamelco-tr.com\/tr\/constructions\/%d8%a7%d9%84%d9%81%d9%84%d9%84\/\" >\n\t\t\t<div class=\"elementor-post__thumbnail\"><img decoding=\"async\" width=\"456\" height=\"334\" src=\"https:\/\/kamelco-tr.com\/wp-content\/uploads\/2021\/12\/home5-location-2.png\" class=\"attachment-medium_large size-medium_large wp-image-17016\" alt=\"\" title=\"\" \/><\/div>\n\t\t<\/a>\n\t\t\t\t<div class=\"elementor-post__text\">\n\t\t\t\t<h3 class=\"elementor-post__title\">\n\t\t\t<a href=\"https:\/\/kamelco-tr.com\/tr\/constructions\/%d8%a7%d9%84%d9%81%d9%84%d9%84\/\" >\n\t\t\t\tVillalar\t\t\t<\/a>\n\t\t<\/h3>\n\t\t\t\t<\/div>\n\t\t\t\t<\/article>\n\t\t\t\t<\/div>\n\n\n\t\t\n\t\t\t\t\t\t<\/div>\n\t\t\t\t<\/div>\n\t\t\t\t\t<\/div>\n\t\t<\/div>\n\t\t\t\t\t<\/div>\n\t\t<\/section>\n\t\t\t\t<section class=\"elementor-section elementor-top-section elementor-element elementor-element-23ab7f19 elementor-section-full_width elementor-section-height-default elementor-section-height-default rt-parallax-bg-no\" data-id=\"23ab7f19\" data-element_type=\"section\">\n\t\t\t\t\t\t<div class=\"elementor-container elementor-column-gap-default\">\n\t\t\t\t\t<div class=\"elementor-column elementor-col-100 elementor-top-column elementor-element elementor-element-30917af6\" data-id=\"30917af6\" data-element_type=\"column\">\n\t\t\t<div class=\"elementor-widget-wrap elementor-element-populated\">\n\t\t\t\t\t\t<section class=\"elementor-section elementor-inner-section elementor-element elementor-element-30dec1d0 elementor-section-height-min-height elementor-section-content-middle elementor-section-boxed elementor-section-height-default rt-parallax-bg-no elementor-invisible\" data-id=\"30dec1d0\" data-element_type=\"section\" data-settings=\"{&quot;background_background&quot;:&quot;classic&quot;,&quot;animation&quot;:&quot;fadeInUp&quot;}\">\n\t\t\t\t\t\t<div class=\"elementor-container elementor-column-gap-default\">\n\t\t\t\t\t<div class=\"elementor-column elementor-col-50 elementor-inner-column elementor-element elementor-element-3e81e86f\" data-id=\"3e81e86f\" data-element_type=\"column\">\n\t\t\t<div class=\"elementor-widget-wrap elementor-element-populated\">\n\t\t\t\t\t\t<div class=\"elementor-element elementor-element-3d786cae elementor-icon-list--layout-traditional elementor-list-item-link-full_width elementor-widget elementor-widget-icon-list\" data-id=\"3d786cae\" data-element_type=\"widget\" data-widget_type=\"icon-list.default\">\n\t\t\t\t<div class=\"elementor-widget-container\">\n\t\t\t\t\t\t\t<ul class=\"elementor-icon-list-items\">\n\t\t\t\t\t\t\t<li class=\"elementor-icon-list-item\">\n\t\t\t\t\t\t\t\t\t\t\t<span class=\"elementor-icon-list-icon\">\n\t\t\t\t\t\t\t<i aria-hidden=\"true\" class=\"flaticon-phone-call\"><\/i>\t\t\t\t\t\t<\/span>\n\t\t\t\t\t\t\t\t\t\t<span class=\"elementor-icon-list-text\">Herhangi bir sorunuz varsa, \u015fimdi bize ula\u015f\u0131n<\/span>\n\t\t\t\t\t\t\t\t\t<\/li>\n\t\t\t\t\t\t<\/ul>\n\t\t\t\t\t\t<\/div>\n\t\t\t\t<\/div>\n\t\t\t\t\t<\/div>\n\t\t<\/div>\n\t\t\t\t<div class=\"elementor-column elementor-col-50 elementor-inner-column elementor-element elementor-element-74d45c2c\" data-id=\"74d45c2c\" data-element_type=\"column\">\n\t\t\t<div class=\"elementor-widget-wrap elementor-element-populated\">\n\t\t\t\t\t\t<div class=\"elementor-element elementor-element-da2e880 elementor-align-justify elementor-mobile-align-justify elementor-button-animation-enable elementor-widget elementor-widget-button\" data-id=\"da2e880\" data-element_type=\"widget\" data-widget_type=\"button.default\">\n\t\t\t\t<div class=\"elementor-widget-container\">\n\t\t\t\t\t\t\t\t\t<div class=\"elementor-button-wrapper\">\n\t\t\t\t\t<a class=\"elementor-button elementor-button-link elementor-size-sm\" href=\"#\">\n\t\t\t\t\t\t<span class=\"elementor-button-content-wrapper\">\n\t\t\t\t\t\t\t\t\t<span class=\"elementor-button-text\">\u015eimdi bize ula\u015f\u0131n<\/span>\n\t\t\t\t\t<\/span>\n\t\t\t\t\t<\/a>\n\t\t\t\t<\/div>\n\t\t\t\t\t\t\t\t<\/div>\n\t\t\t\t<\/div>\n\t\t\t\t\t<\/div>\n\t\t<\/div>\n\t\t\t\t\t<\/div>\n\t\t<\/section>\n\t\t\t\t\t<\/div>\n\t\t<\/div>\n\t\t\t\t\t<\/div>\n\t\t<\/section>\n\t\t\t\t<\/div>","protected":false},"excerpt":{"rendered":"<p>\u0646\u062d\u0646 \u0646\u0647\u062a\u0645 \u0628\u062a\u062d\u0648\u064a\u0644 \u0631\u0624\u064a\u0629 \u0639\u0645\u0644\u0627\u0626\u0646\u0627 \u0625\u0644\u0649 \u062d\u0642\u064a\u0642\u0629 \u0645\u0644\u0645\u0648\u0633\u0629. \u0646\u0639\u0645\u0644 \u0639\u0644\u0649 \u0641\u0647\u0645 \u0627\u062d\u062a\u064a\u0627\u062c\u0627\u062a\u0647\u0645 \u0648\u0623\u0647\u062f\u0627\u0641\u0647\u0645\u060c \u0648\u0646\u0642\u0648\u0645 \u0628\u062a\u0635\u0645\u064a\u0645 \u0645\u0633\u0627\u062d\u0627\u062a \u062a\u0641\u0627\u0639\u0644\u064a\u0629 \u0648\u062c\u0645\u064a\u0644\u0629 \u062a\u0639\u0643\u0633 \u0647\u0648\u064a\u062a\u0647\u0645 \u0627\u0644\u0641\u0631\u064a\u062f\u0629. \u0646\u062d\u0631\u0635 \u0639\u0644\u0649 \u0627\u0644\u0639\u0645\u0644 \u0628\u0639\u0646\u0627\u064a\u0629<\/p>","protected":false},"author":14,"featured_media":0,"parent":0,"menu_order":0,"comment_status":"closed","ping_status":"closed","template":"elementor_header_footer","meta":{"_rtcl_gb_attr":"","footnotes":""},"class_list":["post-18662","page","type-page","status-publish","hentry"],"yoast_head":"<!-- This site is optimized with the Yoast SEO plugin v26.9 - https:\/\/yoast.com\/product\/yoast-seo-wordpress\/ -->\n<title>\u062e\u062f\u0645\u0627\u062a \u0627\u0644\u062a\u0635\u0645\u064a\u0645 \u0627\u0644\u062f\u0627\u062e\u0644\u064a - KamelCo<\/title>\n<meta name=\"robots\" content=\"index, follow, max-snippet:-1, max-image-preview:large, max-video-preview:-1\" \/>\n<link rel=\"canonical\" href=\"https:\/\/kamelco-tr.com\/tr\/\u062e\u062f\u0645\u0627\u062a-\u0627\u0644\u062a\u0635\u0645\u064a\u0645-\u0627\u0644\u062f\u0627\u062e\u0644\u064a\/\" \/>\n<meta property=\"og:locale\" content=\"tr_TR\" \/>\n<meta property=\"og:type\" content=\"article\" \/>\n<meta property=\"og:title\" content=\"\u062e\u062f\u0645\u0627\u062a \u0627\u0644\u062a\u0635\u0645\u064a\u0645 \u0627\u0644\u062f\u0627\u062e\u0644\u064a - KamelCo\" \/>\n<meta property=\"og:description\" content=\"\u0646\u062d\u0646 \u0646\u0647\u062a\u0645 \u0628\u062a\u062d\u0648\u064a\u0644 \u0631\u0624\u064a\u0629 \u0639\u0645\u0644\u0627\u0626\u0646\u0627 \u0625\u0644\u0649 \u062d\u0642\u064a\u0642\u0629 \u0645\u0644\u0645\u0648\u0633\u0629. \u0646\u0639\u0645\u0644 \u0639\u0644\u0649 \u0641\u0647\u0645 \u0627\u062d\u062a\u064a\u0627\u062c\u0627\u062a\u0647\u0645 \u0648\u0623\u0647\u062f\u0627\u0641\u0647\u0645\u060c \u0648\u0646\u0642\u0648\u0645 \u0628\u062a\u0635\u0645\u064a\u0645 \u0645\u0633\u0627\u062d\u0627\u062a \u062a\u0641\u0627\u0639\u0644\u064a\u0629 \u0648\u062c\u0645\u064a\u0644\u0629 \u062a\u0639\u0643\u0633 \u0647\u0648\u064a\u062a\u0647\u0645 \u0627\u0644\u0641\u0631\u064a\u062f\u0629. \u0646\u062d\u0631\u0635 \u0639\u0644\u0649 \u0627\u0644\u0639\u0645\u0644 \u0628\u0639\u0646\u0627\u064a\u0629\" \/>\n<meta property=\"og:url\" content=\"https:\/\/kamelco-tr.com\/tr\/\u062e\u062f\u0645\u0627\u062a-\u0627\u0644\u062a\u0635\u0645\u064a\u0645-\u0627\u0644\u062f\u0627\u062e\u0644\u064a\/\" \/>\n<meta property=\"og:site_name\" content=\"KamelCo\" \/>\n<meta property=\"article:modified_time\" content=\"2023-05-17T13:03:07+00:00\" \/>\n<meta property=\"og:image\" content=\"https:\/\/kamelco-tr.com\/wp-content\/uploads\/2023\/05\/3d-rendering-loft-luxury-living-room-with-shelf-near-dining-table.jpg\" \/>\n<meta name=\"twitter:card\" content=\"summary_large_image\" \/>\n<script type=\"application\/ld+json\" class=\"yoast-schema-graph\">{\"@context\":\"https:\/\/schema.org\",\"@graph\":[{\"@type\":\"WebPage\",\"@id\":\"https:\/\/kamelco-tr.com\/%d8%ae%d8%af%d9%85%d8%a7%d8%aa-%d8%a7%d9%84%d8%aa%d8%b5%d9%85%d9%8a%d9%85-%d8%a7%d9%84%d8%af%d8%a7%d8%ae%d9%84%d9%8a\/\",\"url\":\"https:\/\/kamelco-tr.com\/%d8%ae%d8%af%d9%85%d8%a7%d8%aa-%d8%a7%d9%84%d8%aa%d8%b5%d9%85%d9%8a%d9%85-%d8%a7%d9%84%d8%af%d8%a7%d8%ae%d9%84%d9%8a\/\",\"name\":\"\u062e\u062f\u0645\u0627\u062a \u0627\u0644\u062a\u0635\u0645\u064a\u0645 \u0627\u0644\u062f\u0627\u062e\u0644\u064a - KamelCo\",\"isPartOf\":{\"@id\":\"https:\/\/kamelco-tr.com\/#website\"},\"primaryImageOfPage\":{\"@id\":\"https:\/\/kamelco-tr.com\/%d8%ae%d8%af%d9%85%d8%a7%d8%aa-%d8%a7%d9%84%d8%aa%d8%b5%d9%85%d9%8a%d9%85-%d8%a7%d9%84%d8%af%d8%a7%d8%ae%d9%84%d9%8a\/#primaryimage\"},\"image\":{\"@id\":\"https:\/\/kamelco-tr.com\/%d8%ae%d8%af%d9%85%d8%a7%d8%aa-%d8%a7%d9%84%d8%aa%d8%b5%d9%85%d9%8a%d9%85-%d8%a7%d9%84%d8%af%d8%a7%d8%ae%d9%84%d9%8a\/#primaryimage\"},\"thumbnailUrl\":\"https:\/\/kamelco-tr.com\/wp-content\/uploads\/2023\/05\/3d-rendering-loft-luxury-living-room-with-shelf-near-dining-table.jpg\",\"datePublished\":\"2023-05-17T12:51:39+00:00\",\"dateModified\":\"2023-05-17T13:03:07+00:00\",\"breadcrumb\":{\"@id\":\"https:\/\/kamelco-tr.com\/%d8%ae%d8%af%d9%85%d8%a7%d8%aa-%d8%a7%d9%84%d8%aa%d8%b5%d9%85%d9%8a%d9%85-%d8%a7%d9%84%d8%af%d8%a7%d8%ae%d9%84%d9%8a\/#breadcrumb\"},\"inLanguage\":\"tr\",\"potentialAction\":[{\"@type\":\"ReadAction\",\"target\":[\"https:\/\/kamelco-tr.com\/%d8%ae%d8%af%d9%85%d8%a7%d8%aa-%d8%a7%d9%84%d8%aa%d8%b5%d9%85%d9%8a%d9%85-%d8%a7%d9%84%d8%af%d8%a7%d8%ae%d9%84%d9%8a\/\"]}]},{\"@type\":\"ImageObject\",\"inLanguage\":\"tr\",\"@id\":\"https:\/\/kamelco-tr.com\/%d8%ae%d8%af%d9%85%d8%a7%d8%aa-%d8%a7%d9%84%d8%aa%d8%b5%d9%85%d9%8a%d9%85-%d8%a7%d9%84%d8%af%d8%a7%d8%ae%d9%84%d9%8a\/#primaryimage\",\"url\":\"https:\/\/kamelco-tr.com\/wp-content\/uploads\/2023\/05\/3d-rendering-loft-luxury-living-room-with-shelf-near-dining-table.jpg\",\"contentUrl\":\"https:\/\/kamelco-tr.com\/wp-content\/uploads\/2023\/05\/3d-rendering-loft-luxury-living-room-with-shelf-near-dining-table.jpg\"},{\"@type\":\"BreadcrumbList\",\"@id\":\"https:\/\/kamelco-tr.com\/%d8%ae%d8%af%d9%85%d8%a7%d8%aa-%d8%a7%d9%84%d8%aa%d8%b5%d9%85%d9%8a%d9%85-%d8%a7%d9%84%d8%af%d8%a7%d8%ae%d9%84%d9%8a\/#breadcrumb\",\"itemListElement\":[{\"@type\":\"ListItem\",\"position\":1,\"name\":\"\u0627\u0644\u0631\u0626\u064a\u0633\u064a\u0629\",\"item\":\"https:\/\/kamelco-tr.com\/\"},{\"@type\":\"ListItem\",\"position\":2,\"name\":\"\u062e\u062f\u0645\u0627\u062a \u0627\u0644\u062a\u0635\u0645\u064a\u0645 \u0627\u0644\u062f\u0627\u062e\u0644\u064a\"}]},{\"@type\":\"WebSite\",\"@id\":\"https:\/\/kamelco-tr.com\/#website\",\"url\":\"https:\/\/kamelco-tr.com\/\",\"name\":\"KamelCo\",\"description\":\"Real Estate Construction and trade company\",\"potentialAction\":[{\"@type\":\"SearchAction\",\"target\":{\"@type\":\"EntryPoint\",\"urlTemplate\":\"https:\/\/kamelco-tr.com\/?s={search_term_string}\"},\"query-input\":{\"@type\":\"PropertyValueSpecification\",\"valueRequired\":true,\"valueName\":\"search_term_string\"}}],\"inLanguage\":\"tr\"}]}<\/script>\n<!-- \/ Yoast SEO plugin. -->","yoast_head_json":{"title":"\u062e\u062f\u0645\u0627\u062a \u0627\u0644\u062a\u0635\u0645\u064a\u0645 \u0627\u0644\u062f\u0627\u062e\u0644\u064a - KamelCo","robots":{"index":"index","follow":"follow","max-snippet":"max-snippet:-1","max-image-preview":"max-image-preview:large","max-video-preview":"max-video-preview:-1"},"canonical":"https:\/\/kamelco-tr.com\/tr\/\u062e\u062f\u0645\u0627\u062a-\u0627\u0644\u062a\u0635\u0645\u064a\u0645-\u0627\u0644\u062f\u0627\u062e\u0644\u064a\/","og_locale":"tr_TR","og_type":"article","og_title":"\u062e\u062f\u0645\u0627\u062a \u0627\u0644\u062a\u0635\u0645\u064a\u0645 \u0627\u0644\u062f\u0627\u062e\u0644\u064a - KamelCo","og_description":"\u0646\u062d\u0646 \u0646\u0647\u062a\u0645 \u0628\u062a\u062d\u0648\u064a\u0644 \u0631\u0624\u064a\u0629 \u0639\u0645\u0644\u0627\u0626\u0646\u0627 \u0625\u0644\u0649 \u062d\u0642\u064a\u0642\u0629 \u0645\u0644\u0645\u0648\u0633\u0629. \u0646\u0639\u0645\u0644 \u0639\u0644\u0649 \u0641\u0647\u0645 \u0627\u062d\u062a\u064a\u0627\u062c\u0627\u062a\u0647\u0645 \u0648\u0623\u0647\u062f\u0627\u0641\u0647\u0645\u060c \u0648\u0646\u0642\u0648\u0645 \u0628\u062a\u0635\u0645\u064a\u0645 \u0645\u0633\u0627\u062d\u0627\u062a \u062a\u0641\u0627\u0639\u0644\u064a\u0629 \u0648\u062c\u0645\u064a\u0644\u0629 \u062a\u0639\u0643\u0633 \u0647\u0648\u064a\u062a\u0647\u0645 \u0627\u0644\u0641\u0631\u064a\u062f\u0629. \u0646\u062d\u0631\u0635 \u0639\u0644\u0649 \u0627\u0644\u0639\u0645\u0644 \u0628\u0639\u0646\u0627\u064a\u0629","og_url":"https:\/\/kamelco-tr.com\/tr\/\u062e\u062f\u0645\u0627\u062a-\u0627\u0644\u062a\u0635\u0645\u064a\u0645-\u0627\u0644\u062f\u0627\u062e\u0644\u064a\/","og_site_name":"KamelCo","article_modified_time":"2023-05-17T13:03:07+00:00","og_image":[{"url":"https:\/\/kamelco-tr.com\/wp-content\/uploads\/2023\/05\/3d-rendering-loft-luxury-living-room-with-shelf-near-dining-table.jpg","type":"","width":"","height":""}],"twitter_card":"summary_large_image","schema":{"@context":"https:\/\/schema.org","@graph":[{"@type":"WebPage","@id":"https:\/\/kamelco-tr.com\/%d8%ae%d8%af%d9%85%d8%a7%d8%aa-%d8%a7%d9%84%d8%aa%d8%b5%d9%85%d9%8a%d9%85-%d8%a7%d9%84%d8%af%d8%a7%d8%ae%d9%84%d9%8a\/","url":"https:\/\/kamelco-tr.com\/%d8%ae%d8%af%d9%85%d8%a7%d8%aa-%d8%a7%d9%84%d8%aa%d8%b5%d9%85%d9%8a%d9%85-%d8%a7%d9%84%d8%af%d8%a7%d8%ae%d9%84%d9%8a\/","name":"\u062e\u062f\u0645\u0627\u062a \u0627\u0644\u062a\u0635\u0645\u064a\u0645 \u0627\u0644\u062f\u0627\u062e\u0644\u064a - KamelCo","isPartOf":{"@id":"https:\/\/kamelco-tr.com\/#website"},"primaryImageOfPage":{"@id":"https:\/\/kamelco-tr.com\/%d8%ae%d8%af%d9%85%d8%a7%d8%aa-%d8%a7%d9%84%d8%aa%d8%b5%d9%85%d9%8a%d9%85-%d8%a7%d9%84%d8%af%d8%a7%d8%ae%d9%84%d9%8a\/#primaryimage"},"image":{"@id":"https:\/\/kamelco-tr.com\/%d8%ae%d8%af%d9%85%d8%a7%d8%aa-%d8%a7%d9%84%d8%aa%d8%b5%d9%85%d9%8a%d9%85-%d8%a7%d9%84%d8%af%d8%a7%d8%ae%d9%84%d9%8a\/#primaryimage"},"thumbnailUrl":"https:\/\/kamelco-tr.com\/wp-content\/uploads\/2023\/05\/3d-rendering-loft-luxury-living-room-with-shelf-near-dining-table.jpg","datePublished":"2023-05-17T12:51:39+00:00","dateModified":"2023-05-17T13:03:07+00:00","breadcrumb":{"@id":"https:\/\/kamelco-tr.com\/%d8%ae%d8%af%d9%85%d8%a7%d8%aa-%d8%a7%d9%84%d8%aa%d8%b5%d9%85%d9%8a%d9%85-%d8%a7%d9%84%d8%af%d8%a7%d8%ae%d9%84%d9%8a\/#breadcrumb"},"inLanguage":"tr","potentialAction":[{"@type":"ReadAction","target":["https:\/\/kamelco-tr.com\/%d8%ae%d8%af%d9%85%d8%a7%d8%aa-%d8%a7%d9%84%d8%aa%d8%b5%d9%85%d9%8a%d9%85-%d8%a7%d9%84%d8%af%d8%a7%d8%ae%d9%84%d9%8a\/"]}]},{"@type":"ImageObject","inLanguage":"tr","@id":"https:\/\/kamelco-tr.com\/%d8%ae%d8%af%d9%85%d8%a7%d8%aa-%d8%a7%d9%84%d8%aa%d8%b5%d9%85%d9%8a%d9%85-%d8%a7%d9%84%d8%af%d8%a7%d8%ae%d9%84%d9%8a\/#primaryimage","url":"https:\/\/kamelco-tr.com\/wp-content\/uploads\/2023\/05\/3d-rendering-loft-luxury-living-room-with-shelf-near-dining-table.jpg","contentUrl":"https:\/\/kamelco-tr.com\/wp-content\/uploads\/2023\/05\/3d-rendering-loft-luxury-living-room-with-shelf-near-dining-table.jpg"},{"@type":"BreadcrumbList","@id":"https:\/\/kamelco-tr.com\/%d8%ae%d8%af%d9%85%d8%a7%d8%aa-%d8%a7%d9%84%d8%aa%d8%b5%d9%85%d9%8a%d9%85-%d8%a7%d9%84%d8%af%d8%a7%d8%ae%d9%84%d9%8a\/#breadcrumb","itemListElement":[{"@type":"ListItem","position":1,"name":"\u0627\u0644\u0631\u0626\u064a\u0633\u064a\u0629","item":"https:\/\/kamelco-tr.com\/"},{"@type":"ListItem","position":2,"name":"\u062e\u062f\u0645\u0627\u062a \u0627\u0644\u062a\u0635\u0645\u064a\u0645 \u0627\u0644\u062f\u0627\u062e\u0644\u064a"}]},{"@type":"WebSite","@id":"https:\/\/kamelco-tr.com\/#website","url":"https:\/\/kamelco-tr.com\/","name":"KamelCo","description":"Real Estate Construction and trade company","potentialAction":[{"@type":"SearchAction","target":{"@type":"EntryPoint","urlTemplate":"https:\/\/kamelco-tr.com\/?s={search_term_string}"},"query-input":{"@type":"PropertyValueSpecification","valueRequired":true,"valueName":"search_term_string"}}],"inLanguage":"tr"}]}},"acf":[],"_links":{"self":[{"href":"https:\/\/kamelco-tr.com\/tr\/wp-json\/wp\/v2\/pages\/18662","targetHints":{"allow":["GET"]}}],"collection":[{"href":"https:\/\/kamelco-tr.com\/tr\/wp-json\/wp\/v2\/pages"}],"about":[{"href":"https:\/\/kamelco-tr.com\/tr\/wp-json\/wp\/v2\/types\/page"}],"author":[{"embeddable":true,"href":"https:\/\/kamelco-tr.com\/tr\/wp-json\/wp\/v2\/users\/14"}],"replies":[{"embeddable":true,"href":"https:\/\/kamelco-tr.com\/tr\/wp-json\/wp\/v2\/comments?post=18662"}],"version-history":[{"count":16,"href":"https:\/\/kamelco-tr.com\/tr\/wp-json\/wp\/v2\/pages\/18662\/revisions"}],"predecessor-version":[{"id":18690,"href":"https:\/\/kamelco-tr.com\/tr\/wp-json\/wp\/v2\/pages\/18662\/revisions\/18690"}],"wp:attachment":[{"href":"https:\/\/kamelco-tr.com\/tr\/wp-json\/wp\/v2\/media?parent=18662"}],"curies":[{"name":"wp","href":"https:\/\/api.w.org\/{rel}","templated":true}]}}