{"id":18587,"date":"2023-04-29T16:50:39","date_gmt":"2023-04-29T14:50:39","guid":{"rendered":"https:\/\/kamelco-tr.com\/?page_id=18587"},"modified":"2023-05-17T15:21:03","modified_gmt":"2023-05-17T13:21:03","slug":"%d8%a7%d9%84%d8%b1%d8%a6%d9%8a%d8%b3%d9%8a%d8%a9","status":"publish","type":"page","link":"https:\/\/kamelco-tr.com\/tr\/","title":{"rendered":"Ana Sayfa"},"content":{"rendered":"<div data-elementor-type=\"wp-page\" data-elementor-id=\"18587\" class=\"elementor elementor-18587\">\n\t\t\t\t\t\t<section class=\"elementor-section elementor-top-section elementor-element elementor-element-75ad951 elementor-section-boxed elementor-section-height-default elementor-section-height-default rt-parallax-bg-no\" data-id=\"75ad951\" data-element_type=\"section\">\n\t\t\t\t\t\t<div class=\"elementor-container elementor-column-gap-default\">\n\t\t\t\t\t<div class=\"elementor-column elementor-col-100 elementor-top-column elementor-element elementor-element-bc5d61c\" data-id=\"bc5d61c\" data-element_type=\"column\">\n\t\t\t<div class=\"elementor-widget-wrap elementor-element-populated\">\n\t\t\t\t\t\t<div class=\"elementor-element elementor-element-01d839f elementor-widget elementor-widget-heading\" data-id=\"01d839f\" data-element_type=\"widget\" data-widget_type=\"heading.default\">\n\t\t\t\t<div class=\"elementor-widget-container\">\n\t\t\t\t\t<h2 class=\"elementor-heading-title elementor-size-default\">KAMELCO \u015firketine ho\u015f geldiniz\n<\/h2>\t\t\t\t<\/div>\n\t\t\t\t<\/div>\n\t\t\t\t<section class=\"elementor-section elementor-inner-section elementor-element elementor-element-5ddb292 elementor-section-boxed elementor-section-height-default elementor-section-height-default rt-parallax-bg-no\" data-id=\"5ddb292\" data-element_type=\"section\">\n\t\t\t\t\t\t<div class=\"elementor-container elementor-column-gap-default\">\n\t\t\t\t\t<div class=\"elementor-column elementor-col-50 elementor-inner-column elementor-element elementor-element-e6759a5\" data-id=\"e6759a5\" data-element_type=\"column\" data-settings=\"{&quot;background_background&quot;:&quot;classic&quot;}\">\n\t\t\t<div class=\"elementor-widget-wrap elementor-element-populated\">\n\t\t\t\t\t\t<div class=\"elementor-element elementor-element-a2edc83 elementor-align-center elementor-widget elementor-widget-lottie\" data-id=\"a2edc83\" data-element_type=\"widget\" data-settings=\"{&quot;source&quot;:&quot;external_url&quot;,&quot;source_external_url&quot;:{&quot;url&quot;:&quot;https:\\\/\\\/assets9.lottiefiles.com\\\/private_files\\\/lf30_6uhcq95s.json&quot;,&quot;is_external&quot;:&quot;&quot;,&quot;nofollow&quot;:&quot;&quot;,&quot;custom_attributes&quot;:&quot;&quot;},&quot;loop&quot;:&quot;yes&quot;,&quot;link_to&quot;:&quot;custom&quot;,&quot;custom_link&quot;:{&quot;url&quot;:&quot;https:\\\/\\\/kamelco-tr.com\\\/tr\\\/constructions\\\/&quot;,&quot;is_external&quot;:&quot;&quot;,&quot;nofollow&quot;:&quot;&quot;,&quot;custom_attributes&quot;:&quot;&quot;},&quot;trigger&quot;:&quot;arriving_to_viewport&quot;,&quot;viewport&quot;:{&quot;unit&quot;:&quot;%&quot;,&quot;size&quot;:&quot;&quot;,&quot;sizes&quot;:{&quot;start&quot;:0,&quot;end&quot;:100}},&quot;play_speed&quot;:{&quot;unit&quot;:&quot;px&quot;,&quot;size&quot;:1,&quot;sizes&quot;:[]},&quot;start_point&quot;:{&quot;unit&quot;:&quot;%&quot;,&quot;size&quot;:&quot;0&quot;,&quot;sizes&quot;:[]},&quot;end_point&quot;:{&quot;unit&quot;:&quot;%&quot;,&quot;size&quot;:&quot;100&quot;,&quot;sizes&quot;:[]},&quot;renderer&quot;:&quot;svg&quot;}\" data-widget_type=\"lottie.default\">\n\t\t\t\t<div class=\"elementor-widget-container\">\n\t\t\t\t\t<a class=\"e-lottie__container__link\" href=\"https:\/\/kamelco-tr.com\/tr\/constructions\/\"><div class=\"e-lottie__container\"><div class=\"e-lottie__animation\"><\/div><\/div><\/a>\t\t\t\t<\/div>\n\t\t\t\t<\/div>\n\t\t\t\t<div class=\"elementor-element elementor-element-781bf47 elementor-widget elementor-widget-heading\" data-id=\"781bf47\" data-element_type=\"widget\" data-widget_type=\"heading.default\">\n\t\t\t\t<div class=\"elementor-widget-container\">\n\t\t\t\t\t<h3 class=\"elementor-heading-title elementor-size-default\"><a href=\"https:\/\/kamelco-tr.com\/tr\/constructions\/\">\u0130n\u015faat hizmetleri<\/a><\/h3>\t\t\t\t<\/div>\n\t\t\t\t<\/div>\n\t\t\t\t<div class=\"elementor-element elementor-element-743f6e7 elementor-widget elementor-widget-text-editor\" data-id=\"743f6e7\" data-element_type=\"widget\" data-widget_type=\"text-editor.default\">\n\t\t\t\t<div class=\"elementor-widget-container\">\n\t\t\t\t\t\t\t\t\tM\u00fchendislik ekibimizle hayal g\u00fcc\u00fcn\u00fcz\u00fc ve fikirlerinizi olu\u015fturup ger\u00e7e\u011fe d\u00f6n\u00fc\u015ft\u00fcr\u00fcyoruz. Tasar\u0131m, planlama, tahmin, in\u015faat ve y\u00f6netim hizmetleri veriyoruz. Deneyimli ve son derece profesyonel ekibimiz, kalite ve m\u00fckemmellik ile bir yap\u0131 sa\u011flayacakt\u0131r.\t\t\t\t\t\t\t\t<\/div>\n\t\t\t\t<\/div>\n\t\t\t\t\t<\/div>\n\t\t<\/div>\n\t\t\t\t<div class=\"elementor-column elementor-col-50 elementor-inner-column elementor-element elementor-element-15c53db\" data-id=\"15c53db\" data-element_type=\"column\" data-settings=\"{&quot;background_background&quot;:&quot;classic&quot;}\">\n\t\t\t<div class=\"elementor-widget-wrap elementor-element-populated\">\n\t\t\t\t\t\t<div class=\"elementor-element elementor-element-56ffbbe elementor-align-center elementor-widget elementor-widget-lottie\" data-id=\"56ffbbe\" data-element_type=\"widget\" data-settings=\"{&quot;source&quot;:&quot;external_url&quot;,&quot;source_external_url&quot;:{&quot;url&quot;:&quot;https:\\\/\\\/assets4.lottiefiles.com\\\/packages\\\/lf20_tqivvrjw.json&quot;,&quot;is_external&quot;:&quot;&quot;,&quot;nofollow&quot;:&quot;&quot;,&quot;custom_attributes&quot;:&quot;&quot;},&quot;loop&quot;:&quot;yes&quot;,&quot;link_to&quot;:&quot;custom&quot;,&quot;custom_link&quot;:{&quot;url&quot;:&quot;https:\\\/\\\/kamelco-tr.com\\\/tr\\\/%d8%ae%d8%af%d9%85%d8%a7%d8%aa-%d8%a7%d9%84%d8%aa%d8%b5%d9%85%d9%8a%d9%85-%d8%a7%d9%84%d8%af%d8%a7%d8%ae%d9%84%d9%8a\\\/&quot;,&quot;is_external&quot;:&quot;&quot;,&quot;nofollow&quot;:&quot;&quot;,&quot;custom_attributes&quot;:&quot;&quot;},&quot;trigger&quot;:&quot;arriving_to_viewport&quot;,&quot;viewport&quot;:{&quot;unit&quot;:&quot;%&quot;,&quot;size&quot;:&quot;&quot;,&quot;sizes&quot;:{&quot;start&quot;:0,&quot;end&quot;:100}},&quot;play_speed&quot;:{&quot;unit&quot;:&quot;px&quot;,&quot;size&quot;:1,&quot;sizes&quot;:[]},&quot;start_point&quot;:{&quot;unit&quot;:&quot;%&quot;,&quot;size&quot;:&quot;0&quot;,&quot;sizes&quot;:[]},&quot;end_point&quot;:{&quot;unit&quot;:&quot;%&quot;,&quot;size&quot;:&quot;100&quot;,&quot;sizes&quot;:[]},&quot;renderer&quot;:&quot;svg&quot;}\" data-widget_type=\"lottie.default\">\n\t\t\t\t<div class=\"elementor-widget-container\">\n\t\t\t\t\t<a class=\"e-lottie__container__link\" href=\"https:\/\/kamelco-tr.com\/tr\/%d8%ae%d8%af%d9%85%d8%a7%d8%aa-%d8%a7%d9%84%d8%aa%d8%b5%d9%85%d9%8a%d9%85-%d8%a7%d9%84%d8%af%d8%a7%d8%ae%d9%84%d9%8a\/\"><div class=\"e-lottie__container\"><div class=\"e-lottie__animation\"><\/div><\/div><\/a>\t\t\t\t<\/div>\n\t\t\t\t<\/div>\n\t\t\t\t<div class=\"elementor-element elementor-element-1ab4dcb elementor-widget elementor-widget-heading\" data-id=\"1ab4dcb\" data-element_type=\"widget\" data-widget_type=\"heading.default\">\n\t\t\t\t<div class=\"elementor-widget-container\">\n\t\t\t\t\t<h3 class=\"elementor-heading-title elementor-size-default\"><a href=\"https:\/\/kamelco-tr.com\/tr\/%d8%ae%d8%af%d9%85%d8%a7%d8%aa-%d8%a7%d9%84%d8%aa%d8%b5%d9%85%d9%8a%d9%85-%d8%a7%d9%84%d8%af%d8%a7%d8%ae%d9%84%d9%8a\/\">\u0130\u00e7 tasar\u0131m hizmetleri<\/a><\/h3>\t\t\t\t<\/div>\n\t\t\t\t<\/div>\n\t\t\t\t<div class=\"elementor-element elementor-element-3cbca51 elementor-widget elementor-widget-text-editor\" data-id=\"3cbca51\" data-element_type=\"widget\" data-widget_type=\"text-editor.default\">\n\t\t\t\t<div class=\"elementor-widget-container\">\n\t\t\t\t\t\t\t\t\tFirmam\u0131z, m\u00fc\u015fterilerimiz i\u00e7in benzersiz ve kal\u0131c\u0131 bir izlenim yaratmay\u0131 taahh\u00fct eden, en son ekipman ve yenilik\u00e7i teknolojilerle donat\u0131lm\u0131\u015f \u00f6zel bir ekiple ticari ve konut projeleri i\u00e7in eksiksiz i\u00e7 tasar\u0131m \u00e7\u00f6z\u00fcmleri sunmaktad\u0131r. K\u00fc\u00e7\u00fck detaylardan her tasar\u0131m\u0131n b\u00fcy\u00fck detaylar\u0131na kadar \u00f6zenle \u00e7al\u0131\u015farak ve i\u015fbirli\u011fi yaparak m\u00fc\u015fterilerimizin fikirlerini ger\u00e7e\u011fe d\u00f6n\u00fc\u015ft\u00fcr\u00fcyoruz\t\t\t\t\t\t\t\t<\/div>\n\t\t\t\t<\/div>\n\t\t\t\t\t<\/div>\n\t\t<\/div>\n\t\t\t\t\t<\/div>\n\t\t<\/section>\n\t\t\t\t<section class=\"elementor-section elementor-inner-section elementor-element elementor-element-1cf997a elementor-section-boxed elementor-section-height-default elementor-section-height-default rt-parallax-bg-no\" data-id=\"1cf997a\" data-element_type=\"section\">\n\t\t\t\t\t\t<div class=\"elementor-container elementor-column-gap-default\">\n\t\t\t\t\t<div class=\"elementor-column elementor-col-50 elementor-inner-column elementor-element elementor-element-51846fd\" data-id=\"51846fd\" data-element_type=\"column\" data-settings=\"{&quot;background_background&quot;:&quot;classic&quot;}\">\n\t\t\t<div class=\"elementor-widget-wrap elementor-element-populated\">\n\t\t\t\t\t\t<div class=\"elementor-element elementor-element-11c0e04 elementor-align-center elementor-widget elementor-widget-lottie\" data-id=\"11c0e04\" data-element_type=\"widget\" data-settings=\"{&quot;source&quot;:&quot;external_url&quot;,&quot;source_external_url&quot;:{&quot;url&quot;:&quot;https:\\\/\\\/assets5.lottiefiles.com\\\/private_files\\\/lf30_ax9vkiby.json&quot;,&quot;is_external&quot;:&quot;&quot;,&quot;nofollow&quot;:&quot;&quot;,&quot;custom_attributes&quot;:&quot;&quot;},&quot;loop&quot;:&quot;yes&quot;,&quot;link_to&quot;:&quot;custom&quot;,&quot;custom_link&quot;:{&quot;url&quot;:&quot;https:\\\/\\\/kamelco-tr.com\\\/tr\\\/home-1\\\/&quot;,&quot;is_external&quot;:&quot;&quot;,&quot;nofollow&quot;:&quot;&quot;,&quot;custom_attributes&quot;:&quot;&quot;},&quot;trigger&quot;:&quot;arriving_to_viewport&quot;,&quot;viewport&quot;:{&quot;unit&quot;:&quot;%&quot;,&quot;size&quot;:&quot;&quot;,&quot;sizes&quot;:{&quot;start&quot;:0,&quot;end&quot;:100}},&quot;play_speed&quot;:{&quot;unit&quot;:&quot;px&quot;,&quot;size&quot;:1,&quot;sizes&quot;:[]},&quot;start_point&quot;:{&quot;unit&quot;:&quot;%&quot;,&quot;size&quot;:&quot;0&quot;,&quot;sizes&quot;:[]},&quot;end_point&quot;:{&quot;unit&quot;:&quot;%&quot;,&quot;size&quot;:&quot;100&quot;,&quot;sizes&quot;:[]},&quot;renderer&quot;:&quot;svg&quot;}\" data-widget_type=\"lottie.default\">\n\t\t\t\t<div class=\"elementor-widget-container\">\n\t\t\t\t\t<a class=\"e-lottie__container__link\" href=\"https:\/\/kamelco-tr.com\/tr\/home-1\/\"><div class=\"e-lottie__container\"><div class=\"e-lottie__animation\"><\/div><\/div><\/a>\t\t\t\t<\/div>\n\t\t\t\t<\/div>\n\t\t\t\t<div class=\"elementor-element elementor-element-c74a3b0 elementor-widget elementor-widget-heading\" data-id=\"c74a3b0\" data-element_type=\"widget\" data-widget_type=\"heading.default\">\n\t\t\t\t<div class=\"elementor-widget-container\">\n\t\t\t\t\t<h3 class=\"elementor-heading-title elementor-size-default\"><a href=\"https:\/\/kamelco-tr.com\/tr\/home-1\/\">Emlak sat\u0131\u015f hizmetleri<\/a><\/h3>\t\t\t\t<\/div>\n\t\t\t\t<\/div>\n\t\t\t\t<div class=\"elementor-element elementor-element-600fc56 elementor-widget elementor-widget-text-editor\" data-id=\"600fc56\" data-element_type=\"widget\" data-widget_type=\"text-editor.default\">\n\t\t\t\t<div class=\"elementor-widget-container\">\n\t\t\t\t\t\t\t\t\t&#034;Kamel Co&#034;, ister yat\u0131r\u0131m ister konut i\u00e7in olsun, her amaca uygun ay\u0131rt edici m\u00fclkler arayan m\u00fc\u015fteriler i\u00e7in ideal bir ortakt\u0131r. M\u00fc\u015fterilerin rahatl\u0131\u011f\u0131n\u0131 ve sat\u0131n alma ve sahiplik s\u00fcrecinin kolayl\u0131\u011f\u0131n\u0131 sa\u011flamak i\u00e7in gayrimenkul dan\u0131\u015fmanl\u0131\u011f\u0131, pazarlama, yasal ve idari prosed\u00fcrlerde yard\u0131m hizmetlerinin entegre edildi\u011fi yerlerde.\t\t\t\t\t\t\t\t<\/div>\n\t\t\t\t<\/div>\n\t\t\t\t\t<\/div>\n\t\t<\/div>\n\t\t\t\t<div class=\"elementor-column elementor-col-50 elementor-inner-column elementor-element elementor-element-d18e42e\" data-id=\"d18e42e\" data-element_type=\"column\" data-settings=\"{&quot;background_background&quot;:&quot;classic&quot;}\">\n\t\t\t<div class=\"elementor-widget-wrap elementor-element-populated\">\n\t\t\t\t\t\t<div class=\"elementor-element elementor-element-7be7f1f elementor-align-center elementor-widget elementor-widget-lottie\" data-id=\"7be7f1f\" data-element_type=\"widget\" data-settings=\"{&quot;source&quot;:&quot;external_url&quot;,&quot;source_external_url&quot;:{&quot;url&quot;:&quot;https:\\\/\\\/assets2.lottiefiles.com\\\/packages\\\/lf20_FizrwJ.json&quot;,&quot;is_external&quot;:&quot;&quot;,&quot;nofollow&quot;:&quot;&quot;,&quot;custom_attributes&quot;:&quot;&quot;},&quot;loop&quot;:&quot;yes&quot;,&quot;link_to&quot;:&quot;custom&quot;,&quot;custom_link&quot;:{&quot;url&quot;:&quot;https:\\\/\\\/kamelco-tr.com\\\/tr\\\/%d8%ae%d8%af%d9%85%d8%a7%d8%aa-%d8%aa%d8%a3%d8%ac%d9%8a%d8%b1-%d8%a7%d9%84%d8%b3%d9%8a%d8%a7%d8%b1%d8%a7%d8%aa\\\/&quot;,&quot;is_external&quot;:&quot;&quot;,&quot;nofollow&quot;:&quot;&quot;,&quot;custom_attributes&quot;:&quot;&quot;},&quot;trigger&quot;:&quot;arriving_to_viewport&quot;,&quot;viewport&quot;:{&quot;unit&quot;:&quot;%&quot;,&quot;size&quot;:&quot;&quot;,&quot;sizes&quot;:{&quot;start&quot;:0,&quot;end&quot;:100}},&quot;play_speed&quot;:{&quot;unit&quot;:&quot;px&quot;,&quot;size&quot;:1,&quot;sizes&quot;:[]},&quot;start_point&quot;:{&quot;unit&quot;:&quot;%&quot;,&quot;size&quot;:&quot;0&quot;,&quot;sizes&quot;:[]},&quot;end_point&quot;:{&quot;unit&quot;:&quot;%&quot;,&quot;size&quot;:&quot;100&quot;,&quot;sizes&quot;:[]},&quot;renderer&quot;:&quot;svg&quot;}\" data-widget_type=\"lottie.default\">\n\t\t\t\t<div class=\"elementor-widget-container\">\n\t\t\t\t\t<a class=\"e-lottie__container__link\" href=\"https:\/\/kamelco-tr.com\/tr\/%d8%ae%d8%af%d9%85%d8%a7%d8%aa-%d8%aa%d8%a3%d8%ac%d9%8a%d8%b1-%d8%a7%d9%84%d8%b3%d9%8a%d8%a7%d8%b1%d8%a7%d8%aa\/\"><div class=\"e-lottie__container\"><div class=\"e-lottie__animation\"><\/div><\/div><\/a>\t\t\t\t<\/div>\n\t\t\t\t<\/div>\n\t\t\t\t<div class=\"elementor-element elementor-element-7946ab5 elementor-widget elementor-widget-heading\" data-id=\"7946ab5\" data-element_type=\"widget\" data-widget_type=\"heading.default\">\n\t\t\t\t<div class=\"elementor-widget-container\">\n\t\t\t\t\t<h3 class=\"elementor-heading-title elementor-size-default\"><a href=\"https:\/\/kamelco-tr.com\/tr\/%d8%ae%d8%af%d9%85%d8%a7%d8%aa-%d8%aa%d8%a3%d8%ac%d9%8a%d8%b1-%d8%a7%d9%84%d8%b3%d9%8a%d8%a7%d8%b1%d8%a7%d8%aa\/\">Ara\u00e7 kiralama hizmetleri<\/a><\/h3>\t\t\t\t<\/div>\n\t\t\t\t<\/div>\n\t\t\t\t<div class=\"elementor-element elementor-element-1e67c23 elementor-widget elementor-widget-text-editor\" data-id=\"1e67c23\" data-element_type=\"widget\" data-widget_type=\"text-editor.default\">\n\t\t\t\t<div class=\"elementor-widget-container\">\n\t\t\t\t\t\t\t\t\t\u201d Kamel Co&#034;, T\u00fcrkiye&#039;de konforlu ve kolay bir ara\u00e7 kiralama deneyimi arayan m\u00fc\u015fteriler i\u00e7in m\u00fckemmel bir se\u00e7imdir. Buna ek olarak, \u015firket, ara\u00e7 kiralama s\u00fcrecini daha kolay ve daha rahat hale getiren, istenen yere ara\u00e7 teslim hizmetlerinin sa\u011flanmas\u0131 ile ay\u0131rt edilir.\t\t\t\t\t\t\t\t<\/div>\n\t\t\t\t<\/div>\n\t\t\t\t\t<\/div>\n\t\t<\/div>\n\t\t\t\t\t<\/div>\n\t\t<\/section>\n\t\t\t\t\t<\/div>\n\t\t<\/div>\n\t\t\t\t\t<\/div>\n\t\t<\/section>\n\t\t\t\t<\/div>","protected":false},"excerpt":{"rendered":"<p>\u0623\u0647\u0644\u0627\u064b \u0628\u0643\u0645 \u0641\u064a \u0634\u0631\u0643\u0629 KAMELCO \u062e\u062f\u0645\u0627\u062a \u0627\u0644\u0625\u0646\u0634\u0627\u0621\u0627\u062a \u0646\u062d\u0646 \u0646\u0628\u0646\u064a \u062e\u064a\u0627\u0644\u0643 \u0648\u0623\u0641\u0643\u0627\u0631\u0643 \u0648\u0646\u062d\u0648\u0644\u0647\u0627 \u0644\u0648\u0627\u0642\u0639 \u0645\u0639 \u0641\u0631\u064a\u0642\u0646\u0627 \u0627\u0644\u0647\u0646\u062f\u0633\u064a. \u0646\u0642\u062f\u0645 \u062e\u062f\u0645\u0627\u062a \u0627\u0644\u062a\u0635\u0645\u064a\u0645 \u0648\u0627\u0644\u062a\u062e\u0637\u064a\u0637 \u0648\u0627\u0644\u062a\u0642\u062f\u064a\u0631 \u0648\u0627\u0644\u0628\u0646\u0627\u0621 \u0648\u0627\u0644\u0625\u062f\u0627\u0631\u0629. \u0633\u064a\u0636\u0645\u0646 \u0641\u0631\u064a\u0642\u0646\u0627 \u0627\u0644\u0645\u062a\u0645\u0631\u0633 \u0648\u0627\u0644\u0645\u062d\u062a\u0631\u0641 \u0628\u0634\u062f\u0629 \u0628\u0646\u0627\u0621\u064b \u0628\u0627\u0644\u062c\u0648\u062f\u0629 \u0648\u0627\u0644\u062a\u0645\u064a\u0632. \u062e\u062f\u0645\u0627\u062a \u0627\u0644\u062a\u0635\u0645\u064a\u0645 \u0627\u0644\u062f\u0627\u062e\u0644\u064a \u062a\u0648\u0641\u0631 \u0634\u0631\u0643\u062a\u0646\u0627 \u062d\u0644\u0648\u0644 \u062a\u0635\u0645\u064a\u0645 \u062f\u0627\u062e\u0644\u064a \u0643\u0627\u0645\u0644\u0629 \u0644\u0644\u0645\u0634\u0627\u0631\u064a\u0639 \u0627\u0644\u062a\u062c\u0627\u0631\u064a\u0629 \u0648\u0627\u0644\u0633\u0643\u0646\u064a\u0629\u060c \u0628\u0641\u0631\u064a\u0642 \u0645\u0643\u0631\u0633 \u0645\u062c\u0647\u0632 \u0628\u0623\u062d\u062f\u062b \u0627\u0644\u0645\u0639\u062f\u0627\u062a \u0648\u0627\u0644\u062a\u0642\u0646\u064a\u0627\u062a \u0627\u0644\u0627\u0628\u062a\u0643\u0627\u0631\u064a\u0629\u060c \u0645\u0644\u062a\u0632\u0645\u0648\u0646 \u0628\u062e\u0644\u0642 \u0627\u0646\u0637\u0628\u0627\u0639 \u0641\u0631\u064a\u062f \u0648\u062f\u0627\u0626\u0645<\/p>","protected":false},"author":14,"featured_media":0,"parent":0,"menu_order":0,"comment_status":"closed","ping_status":"closed","template":"elementor_header_footer","meta":{"_rtcl_gb_attr":"","footnotes":""},"class_list":["post-18587","page","type-page","status-publish","hentry"],"yoast_head":"<!-- This site is optimized with the Yoast SEO plugin v26.9 - https:\/\/yoast.com\/product\/yoast-seo-wordpress\/ -->\n<title>\u0627\u0644\u0631\u0626\u064a\u0633\u064a\u0629 - KamelCo<\/title>\n<meta name=\"robots\" content=\"index, follow, max-snippet:-1, max-image-preview:large, max-video-preview:-1\" \/>\n<link rel=\"canonical\" href=\"https:\/\/kamelco-tr.com\/tr\/\" \/>\n<meta property=\"og:locale\" content=\"tr_TR\" \/>\n<meta property=\"og:type\" content=\"article\" \/>\n<meta property=\"og:title\" content=\"\u0627\u0644\u0631\u0626\u064a\u0633\u064a\u0629 - KamelCo\" \/>\n<meta property=\"og:description\" content=\"\u0623\u0647\u0644\u0627\u064b \u0628\u0643\u0645 \u0641\u064a \u0634\u0631\u0643\u0629 KAMELCO \u062e\u062f\u0645\u0627\u062a \u0627\u0644\u0625\u0646\u0634\u0627\u0621\u0627\u062a \u0646\u062d\u0646 \u0646\u0628\u0646\u064a \u062e\u064a\u0627\u0644\u0643 \u0648\u0623\u0641\u0643\u0627\u0631\u0643 \u0648\u0646\u062d\u0648\u0644\u0647\u0627 \u0644\u0648\u0627\u0642\u0639 \u0645\u0639 \u0641\u0631\u064a\u0642\u0646\u0627 \u0627\u0644\u0647\u0646\u062f\u0633\u064a. \u0646\u0642\u062f\u0645 \u062e\u062f\u0645\u0627\u062a \u0627\u0644\u062a\u0635\u0645\u064a\u0645 \u0648\u0627\u0644\u062a\u062e\u0637\u064a\u0637 \u0648\u0627\u0644\u062a\u0642\u062f\u064a\u0631 \u0648\u0627\u0644\u0628\u0646\u0627\u0621 \u0648\u0627\u0644\u0625\u062f\u0627\u0631\u0629. \u0633\u064a\u0636\u0645\u0646 \u0641\u0631\u064a\u0642\u0646\u0627 \u0627\u0644\u0645\u062a\u0645\u0631\u0633 \u0648\u0627\u0644\u0645\u062d\u062a\u0631\u0641 \u0628\u0634\u062f\u0629 \u0628\u0646\u0627\u0621\u064b \u0628\u0627\u0644\u062c\u0648\u062f\u0629 \u0648\u0627\u0644\u062a\u0645\u064a\u0632. \u062e\u062f\u0645\u0627\u062a \u0627\u0644\u062a\u0635\u0645\u064a\u0645 \u0627\u0644\u062f\u0627\u062e\u0644\u064a \u062a\u0648\u0641\u0631 \u0634\u0631\u0643\u062a\u0646\u0627 \u062d\u0644\u0648\u0644 \u062a\u0635\u0645\u064a\u0645 \u062f\u0627\u062e\u0644\u064a \u0643\u0627\u0645\u0644\u0629 \u0644\u0644\u0645\u0634\u0627\u0631\u064a\u0639 \u0627\u0644\u062a\u062c\u0627\u0631\u064a\u0629 \u0648\u0627\u0644\u0633\u0643\u0646\u064a\u0629\u060c \u0628\u0641\u0631\u064a\u0642 \u0645\u0643\u0631\u0633 \u0645\u062c\u0647\u0632 \u0628\u0623\u062d\u062f\u062b \u0627\u0644\u0645\u0639\u062f\u0627\u062a \u0648\u0627\u0644\u062a\u0642\u0646\u064a\u0627\u062a \u0627\u0644\u0627\u0628\u062a\u0643\u0627\u0631\u064a\u0629\u060c \u0645\u0644\u062a\u0632\u0645\u0648\u0646 \u0628\u062e\u0644\u0642 \u0627\u0646\u0637\u0628\u0627\u0639 \u0641\u0631\u064a\u062f \u0648\u062f\u0627\u0626\u0645\" \/>\n<meta property=\"og:url\" content=\"https:\/\/kamelco-tr.com\/tr\/\" \/>\n<meta property=\"og:site_name\" content=\"KamelCo\" \/>\n<meta property=\"article:modified_time\" content=\"2023-05-17T13:21:03+00:00\" \/>\n<meta name=\"twitter:card\" content=\"summary_large_image\" \/>\n<script type=\"application\/ld+json\" class=\"yoast-schema-graph\">{\"@context\":\"https:\/\/schema.org\",\"@graph\":[{\"@type\":\"WebPage\",\"@id\":\"https:\/\/kamelco-tr.com\/\",\"url\":\"https:\/\/kamelco-tr.com\/\",\"name\":\"\u0627\u0644\u0631\u0626\u064a\u0633\u064a\u0629 - KamelCo\",\"isPartOf\":{\"@id\":\"https:\/\/kamelco-tr.com\/#website\"},\"datePublished\":\"2023-04-29T14:50:39+00:00\",\"dateModified\":\"2023-05-17T13:21:03+00:00\",\"breadcrumb\":{\"@id\":\"https:\/\/kamelco-tr.com\/#breadcrumb\"},\"inLanguage\":\"tr\",\"potentialAction\":[{\"@type\":\"ReadAction\",\"target\":[\"https:\/\/kamelco-tr.com\/\"]}]},{\"@type\":\"BreadcrumbList\",\"@id\":\"https:\/\/kamelco-tr.com\/#breadcrumb\",\"itemListElement\":[{\"@type\":\"ListItem\",\"position\":1,\"name\":\"\u0627\u0644\u0631\u0626\u064a\u0633\u064a\u0629\",\"item\":\"https:\/\/kamelco-tr.com\/\"},{\"@type\":\"ListItem\",\"position\":2,\"name\":\"\u0627\u0644\u0631\u0626\u064a\u0633\u064a\u0629\"}]},{\"@type\":\"WebSite\",\"@id\":\"https:\/\/kamelco-tr.com\/#website\",\"url\":\"https:\/\/kamelco-tr.com\/\",\"name\":\"KamelCo\",\"description\":\"Real Estate Construction and trade company\",\"potentialAction\":[{\"@type\":\"SearchAction\",\"target\":{\"@type\":\"EntryPoint\",\"urlTemplate\":\"https:\/\/kamelco-tr.com\/?s={search_term_string}\"},\"query-input\":{\"@type\":\"PropertyValueSpecification\",\"valueRequired\":true,\"valueName\":\"search_term_string\"}}],\"inLanguage\":\"tr\"}]}<\/script>\n<!-- \/ Yoast SEO plugin. -->","yoast_head_json":{"title":"\u0627\u0644\u0631\u0626\u064a\u0633\u064a\u0629 - KamelCo","robots":{"index":"index","follow":"follow","max-snippet":"max-snippet:-1","max-image-preview":"max-image-preview:large","max-video-preview":"max-video-preview:-1"},"canonical":"https:\/\/kamelco-tr.com\/tr\/","og_locale":"tr_TR","og_type":"article","og_title":"\u0627\u0644\u0631\u0626\u064a\u0633\u064a\u0629 - KamelCo","og_description":"\u0623\u0647\u0644\u0627\u064b \u0628\u0643\u0645 \u0641\u064a \u0634\u0631\u0643\u0629 KAMELCO \u062e\u062f\u0645\u0627\u062a \u0627\u0644\u0625\u0646\u0634\u0627\u0621\u0627\u062a \u0646\u062d\u0646 \u0646\u0628\u0646\u064a \u062e\u064a\u0627\u0644\u0643 \u0648\u0623\u0641\u0643\u0627\u0631\u0643 \u0648\u0646\u062d\u0648\u0644\u0647\u0627 \u0644\u0648\u0627\u0642\u0639 \u0645\u0639 \u0641\u0631\u064a\u0642\u0646\u0627 \u0627\u0644\u0647\u0646\u062f\u0633\u064a. \u0646\u0642\u062f\u0645 \u062e\u062f\u0645\u0627\u062a \u0627\u0644\u062a\u0635\u0645\u064a\u0645 \u0648\u0627\u0644\u062a\u062e\u0637\u064a\u0637 \u0648\u0627\u0644\u062a\u0642\u062f\u064a\u0631 \u0648\u0627\u0644\u0628\u0646\u0627\u0621 \u0648\u0627\u0644\u0625\u062f\u0627\u0631\u0629. \u0633\u064a\u0636\u0645\u0646 \u0641\u0631\u064a\u0642\u0646\u0627 \u0627\u0644\u0645\u062a\u0645\u0631\u0633 \u0648\u0627\u0644\u0645\u062d\u062a\u0631\u0641 \u0628\u0634\u062f\u0629 \u0628\u0646\u0627\u0621\u064b \u0628\u0627\u0644\u062c\u0648\u062f\u0629 \u0648\u0627\u0644\u062a\u0645\u064a\u0632. \u062e\u062f\u0645\u0627\u062a \u0627\u0644\u062a\u0635\u0645\u064a\u0645 \u0627\u0644\u062f\u0627\u062e\u0644\u064a \u062a\u0648\u0641\u0631 \u0634\u0631\u0643\u062a\u0646\u0627 \u062d\u0644\u0648\u0644 \u062a\u0635\u0645\u064a\u0645 \u062f\u0627\u062e\u0644\u064a \u0643\u0627\u0645\u0644\u0629 \u0644\u0644\u0645\u0634\u0627\u0631\u064a\u0639 \u0627\u0644\u062a\u062c\u0627\u0631\u064a\u0629 \u0648\u0627\u0644\u0633\u0643\u0646\u064a\u0629\u060c \u0628\u0641\u0631\u064a\u0642 \u0645\u0643\u0631\u0633 \u0645\u062c\u0647\u0632 \u0628\u0623\u062d\u062f\u062b \u0627\u0644\u0645\u0639\u062f\u0627\u062a \u0648\u0627\u0644\u062a\u0642\u0646\u064a\u0627\u062a \u0627\u0644\u0627\u0628\u062a\u0643\u0627\u0631\u064a\u0629\u060c \u0645\u0644\u062a\u0632\u0645\u0648\u0646 \u0628\u062e\u0644\u0642 \u0627\u0646\u0637\u0628\u0627\u0639 \u0641\u0631\u064a\u062f \u0648\u062f\u0627\u0626\u0645","og_url":"https:\/\/kamelco-tr.com\/tr\/","og_site_name":"KamelCo","article_modified_time":"2023-05-17T13:21:03+00:00","twitter_card":"summary_large_image","schema":{"@context":"https:\/\/schema.org","@graph":[{"@type":"WebPage","@id":"https:\/\/kamelco-tr.com\/","url":"https:\/\/kamelco-tr.com\/","name":"\u0627\u0644\u0631\u0626\u064a\u0633\u064a\u0629 - KamelCo","isPartOf":{"@id":"https:\/\/kamelco-tr.com\/#website"},"datePublished":"2023-04-29T14:50:39+00:00","dateModified":"2023-05-17T13:21:03+00:00","breadcrumb":{"@id":"https:\/\/kamelco-tr.com\/#breadcrumb"},"inLanguage":"tr","potentialAction":[{"@type":"ReadAction","target":["https:\/\/kamelco-tr.com\/"]}]},{"@type":"BreadcrumbList","@id":"https:\/\/kamelco-tr.com\/#breadcrumb","itemListElement":[{"@type":"ListItem","position":1,"name":"\u0627\u0644\u0631\u0626\u064a\u0633\u064a\u0629","item":"https:\/\/kamelco-tr.com\/"},{"@type":"ListItem","position":2,"name":"\u0627\u0644\u0631\u0626\u064a\u0633\u064a\u0629"}]},{"@type":"WebSite","@id":"https:\/\/kamelco-tr.com\/#website","url":"https:\/\/kamelco-tr.com\/","name":"KamelCo","description":"Real Estate Construction and trade company","potentialAction":[{"@type":"SearchAction","target":{"@type":"EntryPoint","urlTemplate":"https:\/\/kamelco-tr.com\/?s={search_term_string}"},"query-input":{"@type":"PropertyValueSpecification","valueRequired":true,"valueName":"search_term_string"}}],"inLanguage":"tr"}]}},"acf":[],"_links":{"self":[{"href":"https:\/\/kamelco-tr.com\/tr\/wp-json\/wp\/v2\/pages\/18587","targetHints":{"allow":["GET"]}}],"collection":[{"href":"https:\/\/kamelco-tr.com\/tr\/wp-json\/wp\/v2\/pages"}],"about":[{"href":"https:\/\/kamelco-tr.com\/tr\/wp-json\/wp\/v2\/types\/page"}],"author":[{"embeddable":true,"href":"https:\/\/kamelco-tr.com\/tr\/wp-json\/wp\/v2\/users\/14"}],"replies":[{"embeddable":true,"href":"https:\/\/kamelco-tr.com\/tr\/wp-json\/wp\/v2\/comments?post=18587"}],"version-history":[{"count":20,"href":"https:\/\/kamelco-tr.com\/tr\/wp-json\/wp\/v2\/pages\/18587\/revisions"}],"predecessor-version":[{"id":18702,"href":"https:\/\/kamelco-tr.com\/tr\/wp-json\/wp\/v2\/pages\/18587\/revisions\/18702"}],"wp:attachment":[{"href":"https:\/\/kamelco-tr.com\/tr\/wp-json\/wp\/v2\/media?parent=18587"}],"curies":[{"name":"wp","href":"https:\/\/api.w.org\/{rel}","templated":true}]}}