{"id":18250,"date":"2022-10-03T23:10:18","date_gmt":"2022-10-03T21:10:18","guid":{"rendered":"https:\/\/kamelco-tr.com\/?page_id=18250"},"modified":"2023-05-17T15:27:00","modified_gmt":"2023-05-17T13:27:00","slug":"constructions","status":"publish","type":"page","link":"https:\/\/kamelco-tr.com\/tr\/constructions\/","title":{"rendered":"Yap\u0131"},"content":{"rendered":"<div data-elementor-type=\"wp-page\" data-elementor-id=\"18250\" class=\"elementor elementor-18250\">\n\t\t\t\t\t\t<section class=\"elementor-section elementor-top-section elementor-element elementor-element-4f1a148 elementor-section-height-min-height elementor-section-boxed elementor-section-height-default elementor-section-items-middle rt-parallax-bg-no\" data-id=\"4f1a148\" data-element_type=\"section\" data-settings=\"{&quot;background_background&quot;:&quot;classic&quot;}\">\n\t\t\t\t\t\t<div class=\"elementor-container elementor-column-gap-default\">\n\t\t\t\t\t<div class=\"elementor-column elementor-col-100 elementor-top-column elementor-element elementor-element-fb2da85\" data-id=\"fb2da85\" data-element_type=\"column\">\n\t\t\t<div class=\"elementor-widget-wrap elementor-element-populated\">\n\t\t\t\t\t\t\t<\/div>\n\t\t<\/div>\n\t\t\t\t\t<\/div>\n\t\t<\/section>\n\t\t\t\t<section class=\"elementor-section elementor-top-section elementor-element elementor-element-0da854c elementor-section-boxed elementor-section-height-default elementor-section-height-default rt-parallax-bg-no\" data-id=\"0da854c\" data-element_type=\"section\" data-settings=\"{&quot;background_background&quot;:&quot;classic&quot;}\">\n\t\t\t\t\t\t\t<div class=\"elementor-background-overlay\"><\/div>\n\t\t\t\t\t\t\t<div class=\"elementor-container elementor-column-gap-default\">\n\t\t\t\t\t<div class=\"elementor-column elementor-col-100 elementor-top-column elementor-element elementor-element-fe7b92c\" data-id=\"fe7b92c\" data-element_type=\"column\">\n\t\t\t<div class=\"elementor-widget-wrap elementor-element-populated\">\n\t\t\t\t\t\t<div class=\"elementor-element elementor-element-f38ae96 elementor-widget elementor-widget-text-editor\" data-id=\"f38ae96\" data-element_type=\"widget\" data-widget_type=\"text-editor.default\">\n\t\t\t\t<div class=\"elementor-widget-container\">\n\t\t\t\t\t\t\t\t\t<p>Kamel A. \u015e. &#039; de in\u015faat hizmetleri in\u015faat ve geli\u015ftirme projeleri i\u00e7in entegre ve kaliteli \u00e7\u00f6z\u00fcmler sunduklar\u0131 i\u00e7in bu alandaki liderlerden biri olarak kabul edilirler. \u015eirket, altyap\u0131 projelerinin, konut, ticari ve end\u00fcstriyel binalar\u0131n y\u00f6netimi ve uygulanmas\u0131nda uzmanla\u015fm\u0131\u015ft\u0131r.\u00a0<\/p><p>Kamel Kou&#039;daki in\u015faat hizmetleri, in\u015faat ve m\u00fchendisli\u011fin \u00e7e\u015fitli alanlar\u0131nda nitelikli ve uzman ekipleri i\u00e7erdi\u011finden, profesyonellik ve kapsaml\u0131 deneyim ile karakterize edilir. \u015eirket, en y\u00fcksek kalite ve g\u00fcvenlik standartlar\u0131na ba\u011fl\u0131 kalarak entegre proje planlama, tasar\u0131m ve y\u00f6netim hizmetleri sunmaktad\u0131r.<\/p><p>Kamel ko&#039;daki in\u015faat hizmetleri aras\u0131nda hafriyat i\u015fleri, temeller, yap\u0131lar, binalar, elektrik ve s\u0131hhi i\u015fler, i\u00e7 ve d\u0131\u015f kaplamalar bulunmaktad\u0131r. \u015eirket, dayan\u0131kl\u0131 ve s\u00fcrd\u00fcr\u00fclebilir projelerin uygulanmas\u0131n\u0131 sa\u011flamak i\u00e7in modern teknoloji ve y\u00fcksek kaliteli malzemelerin kullan\u0131m\u0131na g\u00fcveniyor.<\/p><p>Kamel co, m\u00fc\u015fteri gereksinimlerini ve proje \u015fartnamelerini kar\u015f\u0131laman\u0131n \u00f6nemini anlar ve bu nedenle bu ihtiya\u00e7lar\u0131 kar\u015f\u0131lamak i\u00e7in \u00f6zelle\u015ftirilmi\u015f ve yenilik\u00e7i \u00e7\u00f6z\u00fcmler sunmak i\u00e7in \u00e7al\u0131\u015f\u0131r. \u015eirket ayr\u0131ca, y\u00fcksek d\u00fczeyde kalite ve verimlili\u011fi korurken, projelerin zaman\u0131nda ve uygun maliyetle uygulanmas\u0131na \u00f6zen g\u00f6sterir.<\/p><p>Kamel A. \u015e. piyasada iyi bir \u00fcne sahip oldu\u011fu ve projelerin uygulanmas\u0131nda m\u00fckemmel sonu\u00e7lar elde etti\u011fi i\u00e7in in\u015faat hizmetleri i\u00e7in g\u00fcvenilir bir destinasyondur. \u0130n\u015faat alan\u0131nda tecr\u00fcbe, kalite ve profesyonellik sa\u011flayan bir firma ar\u0131yorsan\u0131z Kamel Co.is vizyonunuzu ger\u00e7ekle\u015ftirmek ve projenizi ger\u00e7e\u011fe d\u00f6n\u00fc\u015ft\u00fcrmek i\u00e7in ideal se\u00e7im.<\/p>\t\t\t\t\t\t\t\t<\/div>\n\t\t\t\t<\/div>\n\t\t\t\t\t<\/div>\n\t\t<\/div>\n\t\t\t\t\t<\/div>\n\t\t<\/section>\n\t\t\t\t<section class=\"elementor-section elementor-top-section elementor-element elementor-element-6ae1a71 elementor-section-boxed elementor-section-height-default elementor-section-height-default rt-parallax-bg-no\" data-id=\"6ae1a71\" data-element_type=\"section\" data-settings=\"{&quot;background_background&quot;:&quot;classic&quot;}\">\n\t\t\t\t\t\t\t<div class=\"elementor-background-overlay\"><\/div>\n\t\t\t\t\t\t\t<div class=\"elementor-container elementor-column-gap-default\">\n\t\t\t\t\t<div class=\"elementor-column elementor-col-100 elementor-top-column elementor-element elementor-element-6e56d90\" data-id=\"6e56d90\" data-element_type=\"column\">\n\t\t\t<div class=\"elementor-widget-wrap elementor-element-populated\">\n\t\t\t\t\t\t<div class=\"elementor-element elementor-element-7de5727 elementor-posts--align-center elementor-grid-3 elementor-grid-tablet-2 elementor-grid-mobile-1 elementor-posts--thumbnail-top elementor-widget elementor-widget-posts\" data-id=\"7de5727\" data-element_type=\"widget\" data-settings=\"{&quot;classic_columns&quot;:&quot;3&quot;,&quot;classic_columns_tablet&quot;:&quot;2&quot;,&quot;classic_columns_mobile&quot;:&quot;1&quot;,&quot;classic_row_gap&quot;:{&quot;unit&quot;:&quot;px&quot;,&quot;size&quot;:35,&quot;sizes&quot;:[]},&quot;classic_row_gap_tablet&quot;:{&quot;unit&quot;:&quot;px&quot;,&quot;size&quot;:&quot;&quot;,&quot;sizes&quot;:[]},&quot;classic_row_gap_mobile&quot;:{&quot;unit&quot;:&quot;px&quot;,&quot;size&quot;:&quot;&quot;,&quot;sizes&quot;:[]}}\" data-widget_type=\"posts.classic\">\n\t\t\t\t<div class=\"elementor-widget-container\">\n\t\t\t\t\t\t\t<div class=\"elementor-posts-container elementor-posts elementor-posts--skin-classic elementor-grid\">\n\t\t\t\t<article class=\"elementor-post elementor-grid-item post-18249 constructions type-constructions status-publish has-post-thumbnail hentry con_cat-234\">\n\t\t\t\t<a class=\"elementor-post__thumbnail__link\" href=\"https:\/\/kamelco-tr.com\/tr\/constructions\/%d8%a7%d9%84%d9%81%d9%84%d9%84\/\" >\n\t\t\t<div class=\"elementor-post__thumbnail\"><img fetchpriority=\"high\" decoding=\"async\" width=\"456\" height=\"334\" src=\"https:\/\/kamelco-tr.com\/wp-content\/uploads\/2021\/12\/home5-location-2.png\" class=\"attachment-medium_large size-medium_large wp-image-17016\" alt=\"\" title=\"\" \/><\/div>\n\t\t<\/a>\n\t\t\t\t<div class=\"elementor-post__text\">\n\t\t\t\t<h3 class=\"elementor-post__title\">\n\t\t\t<a href=\"https:\/\/kamelco-tr.com\/tr\/constructions\/%d8%a7%d9%84%d9%81%d9%84%d9%84\/\" >\n\t\t\t\tVillalar\t\t\t<\/a>\n\t\t<\/h3>\n\t\t\t\t<\/div>\n\t\t\t\t<\/article>\n\t\t\t\t<\/div>\n\n\n\t\t\n\t\t\t\t\t\t<\/div>\n\t\t\t\t<\/div>\n\t\t\t\t\t<\/div>\n\t\t<\/div>\n\t\t\t\t\t<\/div>\n\t\t<\/section>\n\t\t\t\t<section class=\"elementor-section elementor-top-section elementor-element elementor-element-a7b53a4 elementor-section-full_width elementor-section-height-default elementor-section-height-default rt-parallax-bg-no\" data-id=\"a7b53a4\" data-element_type=\"section\">\n\t\t\t\t\t\t<div class=\"elementor-container elementor-column-gap-default\">\n\t\t\t\t\t<div class=\"elementor-column elementor-col-100 elementor-top-column elementor-element elementor-element-5e0226e\" data-id=\"5e0226e\" data-element_type=\"column\">\n\t\t\t<div class=\"elementor-widget-wrap elementor-element-populated\">\n\t\t\t\t\t\t<section class=\"elementor-section elementor-inner-section elementor-element elementor-element-c5a72a7 elementor-section-height-min-height elementor-section-content-middle elementor-section-boxed elementor-section-height-default rt-parallax-bg-no elementor-invisible\" data-id=\"c5a72a7\" data-element_type=\"section\" data-settings=\"{&quot;background_background&quot;:&quot;classic&quot;,&quot;animation&quot;:&quot;fadeInUp&quot;}\">\n\t\t\t\t\t\t<div class=\"elementor-container elementor-column-gap-default\">\n\t\t\t\t\t<div class=\"elementor-column elementor-col-50 elementor-inner-column elementor-element elementor-element-f62ec0d\" data-id=\"f62ec0d\" data-element_type=\"column\">\n\t\t\t<div class=\"elementor-widget-wrap elementor-element-populated\">\n\t\t\t\t\t\t<div class=\"elementor-element elementor-element-03db366 elementor-icon-list--layout-traditional elementor-list-item-link-full_width elementor-widget elementor-widget-icon-list\" data-id=\"03db366\" data-element_type=\"widget\" data-widget_type=\"icon-list.default\">\n\t\t\t\t<div class=\"elementor-widget-container\">\n\t\t\t\t\t\t\t<ul class=\"elementor-icon-list-items\">\n\t\t\t\t\t\t\t<li class=\"elementor-icon-list-item\">\n\t\t\t\t\t\t\t\t\t\t\t<span class=\"elementor-icon-list-icon\">\n\t\t\t\t\t\t\t<i aria-hidden=\"true\" class=\"flaticon-phone-call\"><\/i>\t\t\t\t\t\t<\/span>\n\t\t\t\t\t\t\t\t\t\t<span class=\"elementor-icon-list-text\">Herhangi bir sorunuz varsa, \u015fimdi bize ula\u015f\u0131n<\/span>\n\t\t\t\t\t\t\t\t\t<\/li>\n\t\t\t\t\t\t<\/ul>\n\t\t\t\t\t\t<\/div>\n\t\t\t\t<\/div>\n\t\t\t\t\t<\/div>\n\t\t<\/div>\n\t\t\t\t<div class=\"elementor-column elementor-col-50 elementor-inner-column elementor-element elementor-element-ca88fe7\" data-id=\"ca88fe7\" data-element_type=\"column\">\n\t\t\t<div class=\"elementor-widget-wrap elementor-element-populated\">\n\t\t\t\t\t\t<div class=\"elementor-element elementor-element-4b87a50 elementor-align-justify elementor-mobile-align-justify elementor-button-animation-enable elementor-widget elementor-widget-button\" data-id=\"4b87a50\" data-element_type=\"widget\" data-widget_type=\"button.default\">\n\t\t\t\t<div class=\"elementor-widget-container\">\n\t\t\t\t\t\t\t\t\t<div class=\"elementor-button-wrapper\">\n\t\t\t\t\t<a class=\"elementor-button elementor-button-link elementor-size-sm\" href=\"#\">\n\t\t\t\t\t\t<span class=\"elementor-button-content-wrapper\">\n\t\t\t\t\t\t\t\t\t<span class=\"elementor-button-text\">\u015eimdi bize ula\u015f\u0131n<\/span>\n\t\t\t\t\t<\/span>\n\t\t\t\t\t<\/a>\n\t\t\t\t<\/div>\n\t\t\t\t\t\t\t\t<\/div>\n\t\t\t\t<\/div>\n\t\t\t\t\t<\/div>\n\t\t<\/div>\n\t\t\t\t\t<\/div>\n\t\t<\/section>\n\t\t\t\t\t<\/div>\n\t\t<\/div>\n\t\t\t\t\t<\/div>\n\t\t<\/section>\n\t\t\t\t<\/div>","protected":false},"excerpt":{"rendered":"<p>\u062e\u062f\u0645\u0627\u062a \u0627\u0644\u0627\u0646\u0634\u0627\u0621\u0627\u062a \u0641\u064a \u0634\u0631\u0643\u0629 \u0643\u0627\u0645\u0644 \u0643\u0648 \u062a\u0639\u062a\u0628\u0631 \u0645\u0646 \u0627\u0644\u0631\u0627\u0626\u062f\u0627\u062a \u0641\u064a \u0647\u0630\u0627 \u0627\u0644\u0645\u062c\u0627\u0644\u060c \u062d\u064a\u062b \u062a\u0648\u0641\u0631 \u062d\u0644\u0648\u0644\u064b\u0627 \u0645\u062a\u0643\u0627\u0645\u0644\u0629 \u0648\u0630\u0627\u062a \u062c\u0648\u062f\u0629 \u0639\u0627\u0644\u064a\u0629 \u0644\u0645\u0634\u0627\u0631\u064a\u0639 \u0627\u0644\u0628\u0646\u0627\u0621 \u0648\u0627\u0644\u062a\u0637\u0648\u064a\u0631. \u062a\u062a\u062e\u0635\u0635 \u0627\u0644\u0634\u0631\u0643\u0629 \u0641\u064a<\/p>","protected":false},"author":14,"featured_media":0,"parent":0,"menu_order":0,"comment_status":"closed","ping_status":"closed","template":"elementor_header_footer","meta":{"_rtcl_gb_attr":"","footnotes":""},"class_list":["post-18250","page","type-page","status-publish","hentry"],"yoast_head":"<!-- This site is optimized with the Yoast SEO plugin v26.9 - https:\/\/yoast.com\/product\/yoast-seo-wordpress\/ -->\n<title>\u0627\u0644\u0625\u0646\u0634\u0627\u0621\u0627\u062a - KamelCo<\/title>\n<meta name=\"robots\" content=\"index, follow, max-snippet:-1, max-image-preview:large, max-video-preview:-1\" \/>\n<link rel=\"canonical\" href=\"https:\/\/kamelco-tr.com\/tr\/constructions\/\" \/>\n<meta property=\"og:locale\" content=\"tr_TR\" \/>\n<meta property=\"og:type\" content=\"article\" \/>\n<meta property=\"og:title\" content=\"\u0627\u0644\u0625\u0646\u0634\u0627\u0621\u0627\u062a - KamelCo\" \/>\n<meta property=\"og:description\" content=\"\u062e\u062f\u0645\u0627\u062a \u0627\u0644\u0627\u0646\u0634\u0627\u0621\u0627\u062a \u0641\u064a \u0634\u0631\u0643\u0629 \u0643\u0627\u0645\u0644 \u0643\u0648 \u062a\u0639\u062a\u0628\u0631 \u0645\u0646 \u0627\u0644\u0631\u0627\u0626\u062f\u0627\u062a \u0641\u064a \u0647\u0630\u0627 \u0627\u0644\u0645\u062c\u0627\u0644\u060c \u062d\u064a\u062b \u062a\u0648\u0641\u0631 \u062d\u0644\u0648\u0644\u064b\u0627 \u0645\u062a\u0643\u0627\u0645\u0644\u0629 \u0648\u0630\u0627\u062a \u062c\u0648\u062f\u0629 \u0639\u0627\u0644\u064a\u0629 \u0644\u0645\u0634\u0627\u0631\u064a\u0639 \u0627\u0644\u0628\u0646\u0627\u0621 \u0648\u0627\u0644\u062a\u0637\u0648\u064a\u0631. \u062a\u062a\u062e\u0635\u0635 \u0627\u0644\u0634\u0631\u0643\u0629 \u0641\u064a\" \/>\n<meta property=\"og:url\" content=\"https:\/\/kamelco-tr.com\/tr\/constructions\/\" \/>\n<meta property=\"og:site_name\" content=\"KamelCo\" \/>\n<meta property=\"article:modified_time\" content=\"2023-05-17T13:27:00+00:00\" \/>\n<meta name=\"twitter:card\" content=\"summary_large_image\" \/>\n<script type=\"application\/ld+json\" class=\"yoast-schema-graph\">{\"@context\":\"https:\/\/schema.org\",\"@graph\":[{\"@type\":\"WebPage\",\"@id\":\"https:\/\/kamelco-tr.com\/constructions\/\",\"url\":\"https:\/\/kamelco-tr.com\/constructions\/\",\"name\":\"\u0627\u0644\u0625\u0646\u0634\u0627\u0621\u0627\u062a - KamelCo\",\"isPartOf\":{\"@id\":\"https:\/\/kamelco-tr.com\/#website\"},\"datePublished\":\"2022-10-03T21:10:18+00:00\",\"dateModified\":\"2023-05-17T13:27:00+00:00\",\"breadcrumb\":{\"@id\":\"https:\/\/kamelco-tr.com\/constructions\/#breadcrumb\"},\"inLanguage\":\"tr\",\"potentialAction\":[{\"@type\":\"ReadAction\",\"target\":[\"https:\/\/kamelco-tr.com\/constructions\/\"]}]},{\"@type\":\"BreadcrumbList\",\"@id\":\"https:\/\/kamelco-tr.com\/constructions\/#breadcrumb\",\"itemListElement\":[{\"@type\":\"ListItem\",\"position\":1,\"name\":\"\u0627\u0644\u0631\u0626\u064a\u0633\u064a\u0629\",\"item\":\"https:\/\/kamelco-tr.com\/\"},{\"@type\":\"ListItem\",\"position\":2,\"name\":\"\u0627\u0644\u0625\u0646\u0634\u0627\u0621\u0627\u062a\"}]},{\"@type\":\"WebSite\",\"@id\":\"https:\/\/kamelco-tr.com\/#website\",\"url\":\"https:\/\/kamelco-tr.com\/\",\"name\":\"KamelCo\",\"description\":\"Real Estate Construction and trade company\",\"potentialAction\":[{\"@type\":\"SearchAction\",\"target\":{\"@type\":\"EntryPoint\",\"urlTemplate\":\"https:\/\/kamelco-tr.com\/?s={search_term_string}\"},\"query-input\":{\"@type\":\"PropertyValueSpecification\",\"valueRequired\":true,\"valueName\":\"search_term_string\"}}],\"inLanguage\":\"tr\"}]}<\/script>\n<!-- \/ Yoast SEO plugin. -->","yoast_head_json":{"title":"\u0627\u0644\u0625\u0646\u0634\u0627\u0621\u0627\u062a - KamelCo","robots":{"index":"index","follow":"follow","max-snippet":"max-snippet:-1","max-image-preview":"max-image-preview:large","max-video-preview":"max-video-preview:-1"},"canonical":"https:\/\/kamelco-tr.com\/tr\/constructions\/","og_locale":"tr_TR","og_type":"article","og_title":"\u0627\u0644\u0625\u0646\u0634\u0627\u0621\u0627\u062a - KamelCo","og_description":"\u062e\u062f\u0645\u0627\u062a \u0627\u0644\u0627\u0646\u0634\u0627\u0621\u0627\u062a \u0641\u064a \u0634\u0631\u0643\u0629 \u0643\u0627\u0645\u0644 \u0643\u0648 \u062a\u0639\u062a\u0628\u0631 \u0645\u0646 \u0627\u0644\u0631\u0627\u0626\u062f\u0627\u062a \u0641\u064a \u0647\u0630\u0627 \u0627\u0644\u0645\u062c\u0627\u0644\u060c \u062d\u064a\u062b \u062a\u0648\u0641\u0631 \u062d\u0644\u0648\u0644\u064b\u0627 \u0645\u062a\u0643\u0627\u0645\u0644\u0629 \u0648\u0630\u0627\u062a \u062c\u0648\u062f\u0629 \u0639\u0627\u0644\u064a\u0629 \u0644\u0645\u0634\u0627\u0631\u064a\u0639 \u0627\u0644\u0628\u0646\u0627\u0621 \u0648\u0627\u0644\u062a\u0637\u0648\u064a\u0631. \u062a\u062a\u062e\u0635\u0635 \u0627\u0644\u0634\u0631\u0643\u0629 \u0641\u064a","og_url":"https:\/\/kamelco-tr.com\/tr\/constructions\/","og_site_name":"KamelCo","article_modified_time":"2023-05-17T13:27:00+00:00","twitter_card":"summary_large_image","schema":{"@context":"https:\/\/schema.org","@graph":[{"@type":"WebPage","@id":"https:\/\/kamelco-tr.com\/constructions\/","url":"https:\/\/kamelco-tr.com\/constructions\/","name":"\u0627\u0644\u0625\u0646\u0634\u0627\u0621\u0627\u062a - KamelCo","isPartOf":{"@id":"https:\/\/kamelco-tr.com\/#website"},"datePublished":"2022-10-03T21:10:18+00:00","dateModified":"2023-05-17T13:27:00+00:00","breadcrumb":{"@id":"https:\/\/kamelco-tr.com\/constructions\/#breadcrumb"},"inLanguage":"tr","potentialAction":[{"@type":"ReadAction","target":["https:\/\/kamelco-tr.com\/constructions\/"]}]},{"@type":"BreadcrumbList","@id":"https:\/\/kamelco-tr.com\/constructions\/#breadcrumb","itemListElement":[{"@type":"ListItem","position":1,"name":"\u0627\u0644\u0631\u0626\u064a\u0633\u064a\u0629","item":"https:\/\/kamelco-tr.com\/"},{"@type":"ListItem","position":2,"name":"\u0627\u0644\u0625\u0646\u0634\u0627\u0621\u0627\u062a"}]},{"@type":"WebSite","@id":"https:\/\/kamelco-tr.com\/#website","url":"https:\/\/kamelco-tr.com\/","name":"KamelCo","description":"Real Estate Construction and trade company","potentialAction":[{"@type":"SearchAction","target":{"@type":"EntryPoint","urlTemplate":"https:\/\/kamelco-tr.com\/?s={search_term_string}"},"query-input":{"@type":"PropertyValueSpecification","valueRequired":true,"valueName":"search_term_string"}}],"inLanguage":"tr"}]}},"acf":[],"_links":{"self":[{"href":"https:\/\/kamelco-tr.com\/tr\/wp-json\/wp\/v2\/pages\/18250","targetHints":{"allow":["GET"]}}],"collection":[{"href":"https:\/\/kamelco-tr.com\/tr\/wp-json\/wp\/v2\/pages"}],"about":[{"href":"https:\/\/kamelco-tr.com\/tr\/wp-json\/wp\/v2\/types\/page"}],"author":[{"embeddable":true,"href":"https:\/\/kamelco-tr.com\/tr\/wp-json\/wp\/v2\/users\/14"}],"replies":[{"embeddable":true,"href":"https:\/\/kamelco-tr.com\/tr\/wp-json\/wp\/v2\/comments?post=18250"}],"version-history":[{"count":20,"href":"https:\/\/kamelco-tr.com\/tr\/wp-json\/wp\/v2\/pages\/18250\/revisions"}],"predecessor-version":[{"id":18705,"href":"https:\/\/kamelco-tr.com\/tr\/wp-json\/wp\/v2\/pages\/18250\/revisions\/18705"}],"wp:attachment":[{"href":"https:\/\/kamelco-tr.com\/tr\/wp-json\/wp\/v2\/media?parent=18250"}],"curies":[{"name":"wp","href":"https:\/\/api.w.org\/{rel}","templated":true}]}}